{"id":3715,"date":"2024-04-07T14:04:57","date_gmt":"2024-04-07T14:04:57","guid":{"rendered":"https:\/\/demowebtesting.net\/?post_type=product&#038;p=3715"},"modified":"2026-01-23T16:00:01","modified_gmt":"2026-01-23T16:00:01","slug":"lychee-clean-face-cleanser-louve-club","status":"publish","type":"product","link":"https:\/\/louve.club\/sq\/produkt\/lychee-clean-face-cleanser-louve-club\/","title":{"rendered":"Lychee Clean Face Cleanser"},"content":{"rendered":"<p>Ky antioksidant i fuqish\u00ebm ndihmon n\u00eb rritjen e shk\u00eblqimit t\u00eb l\u00ebkur\u00ebs tuaj nd\u00ebrkoh\u00eb q\u00eb e mbron at\u00eb nga radikalet e lira, ndotja dhe stresor\u00eb t\u00eb tjer\u00eb mjedisor\u00eb. Pjata e pasur dhe kremoze e pastruesit ton\u00eb punon p\u00ebr t\u00eb hequr papast\u00ebrtit\u00eb, yndyr\u00ebn dhe mbetjet e makijazhit nga l\u00ebkura juaj, duke e l\u00ebn\u00eb at\u00eb t\u00eb ndjehet e fresk\u00ebt dhe e rinovuar. Ndryshe nga pastruesit e tjer\u00eb t\u00eb fort\u00eb q\u00eb e largojn\u00eb l\u00ebkur\u00ebn nga yndyrat e saj natyrale, formula jon\u00eb ruan ekuilibrin delikat t\u00eb l\u00ebkur\u00ebs, duke mbajtur lag\u00ebshtin\u00eb dhe l\u00ebnd\u00ebt ushqyese. Nd\u00ebrsa masazhoni Lychee Clean Face Cleanser n\u00eb l\u00ebkur\u00ebn tuaj, do t\u00eb ndjeni nj\u00eb shkum\u00eb luksoze q\u00eb formohet, duke hequr papast\u00ebrtit\u00eb dhe duke zbuluar nj\u00eb ton m\u00eb t\u00eb ndritsh\u00ebm dhe m\u00eb t\u00eb l\u00ebmuar. Aroma e holl\u00eb e lichis do t\u00eb ndihmoj\u00eb n\u00eb ringjalljen e shqisave dhe do t'ju transportoj\u00eb n\u00eb nj\u00eb parajs\u00eb tropikale. Jepni l\u00ebkur\u00ebs tuaj ushqimin q\u00eb meriton me Lychee Clean Face Cleanser. L\u00ebreni fuqin\u00eb e lichit dhe vitamin\u00ebs C t\u00eb transformoj\u00eb rutin\u00ebn tuaj t\u00eb p\u00ebrditshme t\u00eb kujdesit p\u00ebr l\u00ebkur\u00ebn n\u00eb nj\u00eb ritual luksoz t\u00eb vet\u00ebkujdesit.<br \/>\nMadh\u00ebsia: 100 ml<\/p>","protected":false},"excerpt":{"rendered":"<p>P\u00ebrjetoni nj\u00eb larje t\u00eb thell\u00eb dhe efektive me Lychee Clean Face Cleanser. Tekstura kremoze \u00ebsht\u00eb e pasur me ekstraktin e frutit Lychee, kalendula, kamomil dhe vaj ulliri, p\u00ebr t\u00eb garantuar heqjen e papast\u00ebrtive, yndyr\u00ebn e tep\u00ebrt dhe mbetjet nga makeup-i, duke e l\u00ebn\u00eb l\u00ebkur\u00ebn tuaj t\u00eb past\u00ebr dhe t\u00eb rigjall\u00ebruar. I p\u00ebrshtatsh\u00ebm p\u00ebr t\u00eb gjitha llojet e l\u00ebkur\u00ebs.<\/p>","protected":false},"featured_media":9204,"template":"","meta":{"_acf_changed":false},"product_cat":[121,100],"product_tag":[],"class_list":{"0":"post-3715","1":"product","2":"type-product","3":"status-publish","4":"has-post-thumbnail","6":"product_cat-best-sellers","7":"product_cat-skincare-louve-club","9":"first","10":"outofstock","11":"purchasable","12":"product-type-simple"},"acf":[],"gallery_images":[3719],"yoast_head":"<!-- This site is optimized with the Yoast SEO Premium plugin v23.6 (Yoast SEO v24.6) - https:\/\/yoast.com\/wordpress\/plugins\/seo\/ -->\n<title>Lychee Clean Face Cleanser | Gentle and Effective Cleansing<\/title>\n<meta name=\"description\" content=\"Cleanse your skin gently with Lychee Clean Face Cleanser by Louve Club. Perfect for removing impurities and achieving a fresh look.\" \/>\n<meta name=\"robots\" content=\"index, follow, max-snippet:-1, max-image-preview:large, max-video-preview:-1\" \/>\n<link rel=\"canonical\" href=\"https:\/\/louve.club\/sq\/produkt\/lychee-clean-face-cleanser-louve-club\/\" \/>\n<meta property=\"og:locale\" content=\"sq_AL\" \/>\n<meta property=\"og:type\" content=\"article\" \/>\n<meta property=\"og:title\" content=\"Lychee Clean Face Cleanser | Gentle Cleansing\" \/>\n<meta property=\"og:description\" content=\"Cleanse your skin gently with Lychee Clean Face Cleanser by Louve Club. Perfect for removing impurities and achieving a fresh look.\" \/>\n<meta property=\"og:url\" content=\"https:\/\/louve.club\/sq\/produkt\/lychee-clean-face-cleanser-louve-club\/\" \/>\n<meta property=\"og:site_name\" content=\"Louve Club\" \/>\n<meta property=\"article:publisher\" content=\"https:\/\/www.facebook.com\/profile.php?id=100086070951841\" \/>\n<meta property=\"article:modified_time\" content=\"2026-01-23T16:00:01+00:00\" \/>\n<meta property=\"og:image\" content=\"https:\/\/louve.club\/wp-content\/uploads\/2024\/04\/newp11.png\" \/>\n\t<meta property=\"og:image:width\" content=\"600\" \/>\n\t<meta property=\"og:image:height\" content=\"600\" \/>\n\t<meta property=\"og:image:type\" content=\"image\/png\" \/>\n<meta name=\"twitter:card\" content=\"summary_large_image\" \/>\n<meta name=\"twitter:title\" content=\"Lychee Clean Face Cleanser\" \/>\n<meta name=\"twitter:label1\" content=\"Est. reading time\" \/>\n\t<meta name=\"twitter:data1\" content=\"1 minut\u00eb\" \/>\n<script type=\"application\/ld+json\" class=\"yoast-schema-graph\">{\"@context\":\"https:\/\/schema.org\",\"@graph\":[{\"@type\":\"WebPage\",\"@id\":\"https:\/\/louve.club\/product\/lychee-clean-face-cleanser-louve-club\/\",\"url\":\"https:\/\/louve.club\/product\/lychee-clean-face-cleanser-louve-club\/\",\"name\":\"Lychee Clean Face Cleanser | Gentle and Effective Cleansing\",\"isPartOf\":{\"@id\":\"https:\/\/louve.club\/#website\"},\"primaryImageOfPage\":{\"@id\":\"https:\/\/louve.club\/product\/lychee-clean-face-cleanser-louve-club\/#primaryimage\"},\"image\":{\"@id\":\"https:\/\/louve.club\/product\/lychee-clean-face-cleanser-louve-club\/#primaryimage\"},\"thumbnailUrl\":\"https:\/\/louve.club\/wp-content\/uploads\/2024\/04\/newp11.png\",\"datePublished\":\"2024-04-07T14:04:57+00:00\",\"dateModified\":\"2026-01-23T16:00:01+00:00\",\"description\":\"Cleanse your skin gently with Lychee Clean Face Cleanser by Louve Club. Perfect for removing impurities and achieving a fresh look.\",\"breadcrumb\":{\"@id\":\"https:\/\/louve.club\/product\/lychee-clean-face-cleanser-louve-club\/#breadcrumb\"},\"inLanguage\":\"sq\",\"potentialAction\":[{\"@type\":\"ReadAction\",\"target\":[\"https:\/\/louve.club\/product\/lychee-clean-face-cleanser-louve-club\/\"]}]},{\"@type\":\"ImageObject\",\"inLanguage\":\"sq\",\"@id\":\"https:\/\/louve.club\/product\/lychee-clean-face-cleanser-louve-club\/#primaryimage\",\"url\":\"https:\/\/louve.club\/wp-content\/uploads\/2024\/04\/newp11.png\",\"contentUrl\":\"https:\/\/louve.club\/wp-content\/uploads\/2024\/04\/newp11.png\",\"width\":600,\"height\":600},{\"@type\":\"BreadcrumbList\",\"@id\":\"https:\/\/louve.club\/product\/lychee-clean-face-cleanser-louve-club\/#breadcrumb\",\"itemListElement\":[{\"@type\":\"ListItem\",\"position\":1,\"name\":\"Home\",\"item\":\"https:\/\/louve.club\/sq\/?elementor_library=cta-section\"},{\"@type\":\"ListItem\",\"position\":2,\"name\":\"Shop\",\"item\":\"https:\/\/louve.club\/shop-louve-club\/\"},{\"@type\":\"ListItem\",\"position\":3,\"name\":\"Lychee Clean Face Cleanser\"}]},{\"@type\":\"WebSite\",\"@id\":\"https:\/\/louve.club\/#website\",\"url\":\"https:\/\/louve.club\/\",\"name\":\"Louve Club\",\"description\":\"\",\"publisher\":{\"@id\":\"https:\/\/louve.club\/#organization\"},\"potentialAction\":[{\"@type\":\"SearchAction\",\"target\":{\"@type\":\"EntryPoint\",\"urlTemplate\":\"https:\/\/louve.club\/?s={search_term_string}\"},\"query-input\":{\"@type\":\"PropertyValueSpecification\",\"valueRequired\":true,\"valueName\":\"search_term_string\"}}],\"inLanguage\":\"sq\"},{\"@type\":\"Organization\",\"@id\":\"https:\/\/louve.club\/#organization\",\"name\":\"Louve Club\",\"url\":\"https:\/\/louve.club\/\",\"logo\":{\"@type\":\"ImageObject\",\"inLanguage\":\"sq\",\"@id\":\"https:\/\/louve.club\/#\/schema\/logo\/image\/\",\"url\":\"https:\/\/louve.club\/wp-content\/uploads\/2024\/04\/louve-logo.png\",\"contentUrl\":\"https:\/\/louve.club\/wp-content\/uploads\/2024\/04\/louve-logo.png\",\"width\":300,\"height\":115,\"caption\":\"Louve Club\"},\"image\":{\"@id\":\"https:\/\/louve.club\/#\/schema\/logo\/image\/\"},\"sameAs\":[\"https:\/\/www.facebook.com\/profile.php?id=100086070951841\",\"https:\/\/www.instagram.com\/louve.club\/\",\"https:\/\/www.tiktok.com\/@louve.club\"]}]}<\/script>\n<!-- \/ Yoast SEO Premium plugin. -->","yoast_head_json":{"title":"Lychee Clean Face Cleanser | Gentle and Effective Cleansing","description":"Cleanse your skin gently with Lychee Clean Face Cleanser by Louve Club. Perfect for removing impurities and achieving a fresh look.","robots":{"index":"index","follow":"follow","max-snippet":"max-snippet:-1","max-image-preview":"max-image-preview:large","max-video-preview":"max-video-preview:-1"},"canonical":"https:\/\/louve.club\/sq\/produkt\/lychee-clean-face-cleanser-louve-club\/","og_locale":"sq_AL","og_type":"article","og_title":"Lychee Clean Face Cleanser | Gentle Cleansing","og_description":"Cleanse your skin gently with Lychee Clean Face Cleanser by Louve Club. Perfect for removing impurities and achieving a fresh look.","og_url":"https:\/\/louve.club\/sq\/produkt\/lychee-clean-face-cleanser-louve-club\/","og_site_name":"Louve Club","article_publisher":"https:\/\/www.facebook.com\/profile.php?id=100086070951841","article_modified_time":"2026-01-23T16:00:01+00:00","og_image":[{"width":600,"height":600,"url":"https:\/\/louve.club\/wp-content\/uploads\/2024\/04\/newp11.png","type":"image\/png"}],"twitter_card":"summary_large_image","twitter_title":"Lychee Clean Face Cleanser","twitter_misc":{"Est. reading time":"1 minut\u00eb"},"schema":{"@context":"https:\/\/schema.org","@graph":[{"@type":"WebPage","@id":"https:\/\/louve.club\/product\/lychee-clean-face-cleanser-louve-club\/","url":"https:\/\/louve.club\/product\/lychee-clean-face-cleanser-louve-club\/","name":"Lychee Clean Face Cleanser | Gentle and Effective Cleansing","isPartOf":{"@id":"https:\/\/louve.club\/#website"},"primaryImageOfPage":{"@id":"https:\/\/louve.club\/product\/lychee-clean-face-cleanser-louve-club\/#primaryimage"},"image":{"@id":"https:\/\/louve.club\/product\/lychee-clean-face-cleanser-louve-club\/#primaryimage"},"thumbnailUrl":"https:\/\/louve.club\/wp-content\/uploads\/2024\/04\/newp11.png","datePublished":"2024-04-07T14:04:57+00:00","dateModified":"2026-01-23T16:00:01+00:00","description":"Cleanse your skin gently with Lychee Clean Face Cleanser by Louve Club. Perfect for removing impurities and achieving a fresh look.","breadcrumb":{"@id":"https:\/\/louve.club\/product\/lychee-clean-face-cleanser-louve-club\/#breadcrumb"},"inLanguage":"sq","potentialAction":[{"@type":"ReadAction","target":["https:\/\/louve.club\/product\/lychee-clean-face-cleanser-louve-club\/"]}]},{"@type":"ImageObject","inLanguage":"sq","@id":"https:\/\/louve.club\/product\/lychee-clean-face-cleanser-louve-club\/#primaryimage","url":"https:\/\/louve.club\/wp-content\/uploads\/2024\/04\/newp11.png","contentUrl":"https:\/\/louve.club\/wp-content\/uploads\/2024\/04\/newp11.png","width":600,"height":600},{"@type":"BreadcrumbList","@id":"https:\/\/louve.club\/product\/lychee-clean-face-cleanser-louve-club\/#breadcrumb","itemListElement":[{"@type":"ListItem","position":1,"name":"Home","item":"https:\/\/louve.club\/sq\/?elementor_library=cta-section"},{"@type":"ListItem","position":2,"name":"Shop","item":"https:\/\/louve.club\/shop-louve-club\/"},{"@type":"ListItem","position":3,"name":"Lychee Clean Face Cleanser"}]},{"@type":"WebSite","@id":"https:\/\/louve.club\/#website","url":"https:\/\/louve.club\/","name":"Louve Club","description":"","publisher":{"@id":"https:\/\/louve.club\/#organization"},"potentialAction":[{"@type":"SearchAction","target":{"@type":"EntryPoint","urlTemplate":"https:\/\/louve.club\/?s={search_term_string}"},"query-input":{"@type":"PropertyValueSpecification","valueRequired":true,"valueName":"search_term_string"}}],"inLanguage":"sq"},{"@type":"Organization","@id":"https:\/\/louve.club\/#organization","name":"Louve Club","url":"https:\/\/louve.club\/","logo":{"@type":"ImageObject","inLanguage":"sq","@id":"https:\/\/louve.club\/#\/schema\/logo\/image\/","url":"https:\/\/louve.club\/wp-content\/uploads\/2024\/04\/louve-logo.png","contentUrl":"https:\/\/louve.club\/wp-content\/uploads\/2024\/04\/louve-logo.png","width":300,"height":115,"caption":"Louve Club"},"image":{"@id":"https:\/\/louve.club\/#\/schema\/logo\/image\/"},"sameAs":["https:\/\/www.facebook.com\/profile.php?id=100086070951841","https:\/\/www.instagram.com\/louve.club\/","https:\/\/www.tiktok.com\/@louve.club"]}]}},"_links":{"self":[{"href":"https:\/\/louve.club\/sq\/wp-json\/wp\/v2\/product\/3715"}],"collection":[{"href":"https:\/\/louve.club\/sq\/wp-json\/wp\/v2\/product"}],"about":[{"href":"https:\/\/louve.club\/sq\/wp-json\/wp\/v2\/types\/product"}],"wp:featuredmedia":[{"embeddable":true,"href":"https:\/\/louve.club\/sq\/wp-json\/wp\/v2\/media\/9204"}],"wp:attachment":[{"href":"https:\/\/louve.club\/sq\/wp-json\/wp\/v2\/media?parent=3715"}],"wp:term":[{"taxonomy":"product_cat","embeddable":true,"href":"https:\/\/louve.club\/sq\/wp-json\/wp\/v2\/product_cat?post=3715"},{"taxonomy":"product_tag","embeddable":true,"href":"https:\/\/louve.club\/sq\/wp-json\/wp\/v2\/product_tag?post=3715"}],"curies":[{"name":"wp","href":"https:\/\/api.w.org\/{rel}","templated":true}]}}