{"id":3785,"date":"2024-04-12T11:46:18","date_gmt":"2024-04-12T11:46:18","guid":{"rendered":"https:\/\/demowebtesting.net\/?post_type=product&#038;p=3785"},"modified":"2026-01-23T15:59:15","modified_gmt":"2026-01-23T15:59:15","slug":"lychee-rose-brightening-face-toner-louve-club","status":"publish","type":"product","link":"https:\/\/louve.club\/sq\/produkt\/lychee-rose-brightening-face-toner-louve-club\/","title":{"rendered":"Lychee Rose Brightening Face Toner"},"content":{"rendered":"<p>Ekstrakti i litchi n\u00eb formul\u00ebn ton\u00eb \u00ebsht\u00eb i pasur me vitamin\u00eb C, e cila ndihmon n\u00eb ndri\u00e7imin dhe balancimin e tonit t\u00eb l\u00ebkur\u00ebs tuaj, duke reduktuar formimin e melanin\u00ebs. Ky antioksidant i fuqish\u00ebm gjithashtu mbron l\u00ebkur\u00ebn tuaj nga d\u00ebmtimet e shkaktuara nga rrezet UV dhe ndotja, duke l\u00ebn\u00eb nj\u00eb kompleks t\u00eb rigjeneruar dhe t\u00eb fresk\u00ebt. Shtimi i ujit t\u00eb tr\u00ebndafilit n\u00eb tonerin ton\u00eb jo vet\u00ebm q\u00eb i jep nj\u00eb arom\u00eb delikate lule, por gjithashtu ofron nj\u00eb efekt qet\u00ebsues dhe qet\u00ebsues p\u00ebr l\u00ebkur\u00ebn tuaj. Ai e balancojn\u00eb but\u00ebsisht nivelet e pH t\u00eb l\u00ebkur\u00ebs dhe rikthen lag\u00ebshtin\u00eb dhe l\u00ebnd\u00ebt ushqyese n\u00eb l\u00ebkur\u00eb, duke e l\u00ebn\u00eb at\u00eb t\u00eb ndjehet e ushqyer dhe e hidratuar. Toneri yn\u00eb Lychee Rose Brightening \u00ebsht\u00eb formuluar posa\u00e7\u00ebrisht p\u00ebr t\u00eb luftuar shenjat e plakjes, me p\u00ebrb\u00ebr\u00ebs anti-plakje q\u00eb punojn\u00eb p\u00ebr t\u00eb reduktuar vijat e imta dhe rrudhat, duke zbuluar nj\u00eb l\u00ebkur\u00eb m\u00eb t\u00eb but\u00eb, m\u00eb t\u00eb ndritshme dhe m\u00eb t\u00eb re.<br \/>\nMadh\u00ebsia: 120 ml<\/p>","protected":false},"excerpt":{"rendered":"<p>P\u00ebrmir\u00ebsoni rutin\u00ebn tuaj t\u00eb kujdesit p\u00ebr l\u00ebkur\u00ebn me Lychee Rose Brightening Face Toner. E pasuruar me elementet natyral\u00eb t\u00eb ekstraktit t\u00eb frutit Lychee dhe ujit t\u00eb tr\u00ebndafilit, ky toner ofron nj\u00eb shk\u00eblqim rinor dhe t\u00eb ndritsh\u00ebm. Hidraton, zbut dhe freskon l\u00ebkur\u00ebn tuaj nd\u00ebrkoh\u00eb q\u00eb redukton skuqjet dhe lufton radikalet e lira.<\/p>","protected":false},"featured_media":9194,"template":"","meta":{"_acf_changed":false},"product_cat":[121,100],"product_tag":[],"class_list":{"0":"post-3785","1":"product","2":"type-product","3":"status-publish","4":"has-post-thumbnail","6":"product_cat-best-sellers","7":"product_cat-skincare-louve-club","9":"first","10":"outofstock","11":"purchasable","12":"product-type-simple"},"acf":[],"gallery_images":[3787],"yoast_head":"<!-- This site is optimized with the Yoast SEO Premium plugin v23.6 (Yoast SEO v24.6) - https:\/\/yoast.com\/wordpress\/plugins\/seo\/ -->\n<title>Lychee Rose Brightening Face Toner | Radiant and Even Skin Tone<\/title>\n<meta name=\"description\" content=\"Brighten your skin with Lychee Rose Brightening Face Toner by Louve Club. Achieve a radiant and even skin tone with this premium toner.\" \/>\n<meta name=\"robots\" content=\"index, follow, max-snippet:-1, max-image-preview:large, max-video-preview:-1\" \/>\n<link rel=\"canonical\" href=\"https:\/\/louve.club\/sq\/produkt\/lychee-rose-brightening-face-toner-louve-club\/\" \/>\n<meta property=\"og:locale\" content=\"sq_AL\" \/>\n<meta property=\"og:type\" content=\"article\" \/>\n<meta property=\"og:title\" content=\"Lychee Rose Brightening Face Toner | Radiant Skin\" \/>\n<meta property=\"og:description\" content=\"Brighten your skin with Lychee Rose Brightening Face Toner by Louve Club. Achieve a radiant and even skin tone with this premium toner.\" \/>\n<meta property=\"og:url\" content=\"https:\/\/louve.club\/sq\/produkt\/lychee-rose-brightening-face-toner-louve-club\/\" \/>\n<meta property=\"og:site_name\" content=\"Louve Club\" \/>\n<meta property=\"article:publisher\" content=\"https:\/\/www.facebook.com\/profile.php?id=100086070951841\" \/>\n<meta property=\"article:modified_time\" content=\"2026-01-23T15:59:15+00:00\" \/>\n<meta property=\"og:image\" content=\"https:\/\/louve.club\/wp-content\/uploads\/2024\/04\/newp22.png\" \/>\n\t<meta property=\"og:image:width\" content=\"600\" \/>\n\t<meta property=\"og:image:height\" content=\"600\" \/>\n\t<meta property=\"og:image:type\" content=\"image\/png\" \/>\n<meta name=\"twitter:card\" content=\"summary_large_image\" \/>\n<meta name=\"twitter:title\" content=\"Lychee Rose Brightening Face Toner\" \/>\n<meta name=\"twitter:label1\" content=\"Est. reading time\" \/>\n\t<meta name=\"twitter:data1\" content=\"1 minut\u00eb\" \/>\n<script type=\"application\/ld+json\" class=\"yoast-schema-graph\">{\"@context\":\"https:\/\/schema.org\",\"@graph\":[{\"@type\":\"WebPage\",\"@id\":\"https:\/\/louve.club\/product\/lychee-rose-brightening-face-toner-louve-club\/\",\"url\":\"https:\/\/louve.club\/product\/lychee-rose-brightening-face-toner-louve-club\/\",\"name\":\"Lychee Rose Brightening Face Toner | Radiant and Even Skin Tone\",\"isPartOf\":{\"@id\":\"https:\/\/louve.club\/#website\"},\"primaryImageOfPage\":{\"@id\":\"https:\/\/louve.club\/product\/lychee-rose-brightening-face-toner-louve-club\/#primaryimage\"},\"image\":{\"@id\":\"https:\/\/louve.club\/product\/lychee-rose-brightening-face-toner-louve-club\/#primaryimage\"},\"thumbnailUrl\":\"https:\/\/louve.club\/wp-content\/uploads\/2024\/04\/newp22.png\",\"datePublished\":\"2024-04-12T11:46:18+00:00\",\"dateModified\":\"2026-01-23T15:59:15+00:00\",\"description\":\"Brighten your skin with Lychee Rose Brightening Face Toner by Louve Club. Achieve a radiant and even skin tone with this premium toner.\",\"breadcrumb\":{\"@id\":\"https:\/\/louve.club\/product\/lychee-rose-brightening-face-toner-louve-club\/#breadcrumb\"},\"inLanguage\":\"sq\",\"potentialAction\":[{\"@type\":\"ReadAction\",\"target\":[\"https:\/\/louve.club\/product\/lychee-rose-brightening-face-toner-louve-club\/\"]}]},{\"@type\":\"ImageObject\",\"inLanguage\":\"sq\",\"@id\":\"https:\/\/louve.club\/product\/lychee-rose-brightening-face-toner-louve-club\/#primaryimage\",\"url\":\"https:\/\/louve.club\/wp-content\/uploads\/2024\/04\/newp22.png\",\"contentUrl\":\"https:\/\/louve.club\/wp-content\/uploads\/2024\/04\/newp22.png\",\"width\":600,\"height\":600},{\"@type\":\"BreadcrumbList\",\"@id\":\"https:\/\/louve.club\/product\/lychee-rose-brightening-face-toner-louve-club\/#breadcrumb\",\"itemListElement\":[{\"@type\":\"ListItem\",\"position\":1,\"name\":\"Home\",\"item\":\"https:\/\/louve.club\/sq\/?elementor_library=cta-section\"},{\"@type\":\"ListItem\",\"position\":2,\"name\":\"Shop\",\"item\":\"https:\/\/louve.club\/shop-louve-club\/\"},{\"@type\":\"ListItem\",\"position\":3,\"name\":\"Lychee Rose Brightening Face Toner\"}]},{\"@type\":\"WebSite\",\"@id\":\"https:\/\/louve.club\/#website\",\"url\":\"https:\/\/louve.club\/\",\"name\":\"Louve Club\",\"description\":\"\",\"publisher\":{\"@id\":\"https:\/\/louve.club\/#organization\"},\"potentialAction\":[{\"@type\":\"SearchAction\",\"target\":{\"@type\":\"EntryPoint\",\"urlTemplate\":\"https:\/\/louve.club\/?s={search_term_string}\"},\"query-input\":{\"@type\":\"PropertyValueSpecification\",\"valueRequired\":true,\"valueName\":\"search_term_string\"}}],\"inLanguage\":\"sq\"},{\"@type\":\"Organization\",\"@id\":\"https:\/\/louve.club\/#organization\",\"name\":\"Louve Club\",\"url\":\"https:\/\/louve.club\/\",\"logo\":{\"@type\":\"ImageObject\",\"inLanguage\":\"sq\",\"@id\":\"https:\/\/louve.club\/#\/schema\/logo\/image\/\",\"url\":\"https:\/\/louve.club\/wp-content\/uploads\/2024\/04\/louve-logo.png\",\"contentUrl\":\"https:\/\/louve.club\/wp-content\/uploads\/2024\/04\/louve-logo.png\",\"width\":300,\"height\":115,\"caption\":\"Louve Club\"},\"image\":{\"@id\":\"https:\/\/louve.club\/#\/schema\/logo\/image\/\"},\"sameAs\":[\"https:\/\/www.facebook.com\/profile.php?id=100086070951841\",\"https:\/\/www.instagram.com\/louve.club\/\",\"https:\/\/www.tiktok.com\/@louve.club\"]}]}<\/script>\n<!-- \/ Yoast SEO Premium plugin. -->","yoast_head_json":{"title":"Lychee Rose Brightening Face Toner | Radiant and Even Skin Tone","description":"Brighten your skin with Lychee Rose Brightening Face Toner by Louve Club. Achieve a radiant and even skin tone with this premium toner.","robots":{"index":"index","follow":"follow","max-snippet":"max-snippet:-1","max-image-preview":"max-image-preview:large","max-video-preview":"max-video-preview:-1"},"canonical":"https:\/\/louve.club\/sq\/produkt\/lychee-rose-brightening-face-toner-louve-club\/","og_locale":"sq_AL","og_type":"article","og_title":"Lychee Rose Brightening Face Toner | Radiant Skin","og_description":"Brighten your skin with Lychee Rose Brightening Face Toner by Louve Club. Achieve a radiant and even skin tone with this premium toner.","og_url":"https:\/\/louve.club\/sq\/produkt\/lychee-rose-brightening-face-toner-louve-club\/","og_site_name":"Louve Club","article_publisher":"https:\/\/www.facebook.com\/profile.php?id=100086070951841","article_modified_time":"2026-01-23T15:59:15+00:00","og_image":[{"width":600,"height":600,"url":"https:\/\/louve.club\/wp-content\/uploads\/2024\/04\/newp22.png","type":"image\/png"}],"twitter_card":"summary_large_image","twitter_title":"Lychee Rose Brightening Face Toner","twitter_misc":{"Est. reading time":"1 minut\u00eb"},"schema":{"@context":"https:\/\/schema.org","@graph":[{"@type":"WebPage","@id":"https:\/\/louve.club\/product\/lychee-rose-brightening-face-toner-louve-club\/","url":"https:\/\/louve.club\/product\/lychee-rose-brightening-face-toner-louve-club\/","name":"Lychee Rose Brightening Face Toner | Radiant and Even Skin Tone","isPartOf":{"@id":"https:\/\/louve.club\/#website"},"primaryImageOfPage":{"@id":"https:\/\/louve.club\/product\/lychee-rose-brightening-face-toner-louve-club\/#primaryimage"},"image":{"@id":"https:\/\/louve.club\/product\/lychee-rose-brightening-face-toner-louve-club\/#primaryimage"},"thumbnailUrl":"https:\/\/louve.club\/wp-content\/uploads\/2024\/04\/newp22.png","datePublished":"2024-04-12T11:46:18+00:00","dateModified":"2026-01-23T15:59:15+00:00","description":"Brighten your skin with Lychee Rose Brightening Face Toner by Louve Club. Achieve a radiant and even skin tone with this premium toner.","breadcrumb":{"@id":"https:\/\/louve.club\/product\/lychee-rose-brightening-face-toner-louve-club\/#breadcrumb"},"inLanguage":"sq","potentialAction":[{"@type":"ReadAction","target":["https:\/\/louve.club\/product\/lychee-rose-brightening-face-toner-louve-club\/"]}]},{"@type":"ImageObject","inLanguage":"sq","@id":"https:\/\/louve.club\/product\/lychee-rose-brightening-face-toner-louve-club\/#primaryimage","url":"https:\/\/louve.club\/wp-content\/uploads\/2024\/04\/newp22.png","contentUrl":"https:\/\/louve.club\/wp-content\/uploads\/2024\/04\/newp22.png","width":600,"height":600},{"@type":"BreadcrumbList","@id":"https:\/\/louve.club\/product\/lychee-rose-brightening-face-toner-louve-club\/#breadcrumb","itemListElement":[{"@type":"ListItem","position":1,"name":"Home","item":"https:\/\/louve.club\/sq\/?elementor_library=cta-section"},{"@type":"ListItem","position":2,"name":"Shop","item":"https:\/\/louve.club\/shop-louve-club\/"},{"@type":"ListItem","position":3,"name":"Lychee Rose Brightening Face Toner"}]},{"@type":"WebSite","@id":"https:\/\/louve.club\/#website","url":"https:\/\/louve.club\/","name":"Louve Club","description":"","publisher":{"@id":"https:\/\/louve.club\/#organization"},"potentialAction":[{"@type":"SearchAction","target":{"@type":"EntryPoint","urlTemplate":"https:\/\/louve.club\/?s={search_term_string}"},"query-input":{"@type":"PropertyValueSpecification","valueRequired":true,"valueName":"search_term_string"}}],"inLanguage":"sq"},{"@type":"Organization","@id":"https:\/\/louve.club\/#organization","name":"Louve Club","url":"https:\/\/louve.club\/","logo":{"@type":"ImageObject","inLanguage":"sq","@id":"https:\/\/louve.club\/#\/schema\/logo\/image\/","url":"https:\/\/louve.club\/wp-content\/uploads\/2024\/04\/louve-logo.png","contentUrl":"https:\/\/louve.club\/wp-content\/uploads\/2024\/04\/louve-logo.png","width":300,"height":115,"caption":"Louve Club"},"image":{"@id":"https:\/\/louve.club\/#\/schema\/logo\/image\/"},"sameAs":["https:\/\/www.facebook.com\/profile.php?id=100086070951841","https:\/\/www.instagram.com\/louve.club\/","https:\/\/www.tiktok.com\/@louve.club"]}]}},"_links":{"self":[{"href":"https:\/\/louve.club\/sq\/wp-json\/wp\/v2\/product\/3785"}],"collection":[{"href":"https:\/\/louve.club\/sq\/wp-json\/wp\/v2\/product"}],"about":[{"href":"https:\/\/louve.club\/sq\/wp-json\/wp\/v2\/types\/product"}],"wp:featuredmedia":[{"embeddable":true,"href":"https:\/\/louve.club\/sq\/wp-json\/wp\/v2\/media\/9194"}],"wp:attachment":[{"href":"https:\/\/louve.club\/sq\/wp-json\/wp\/v2\/media?parent=3785"}],"wp:term":[{"taxonomy":"product_cat","embeddable":true,"href":"https:\/\/louve.club\/sq\/wp-json\/wp\/v2\/product_cat?post=3785"},{"taxonomy":"product_tag","embeddable":true,"href":"https:\/\/louve.club\/sq\/wp-json\/wp\/v2\/product_tag?post=3785"}],"curies":[{"name":"wp","href":"https:\/\/api.w.org\/{rel}","templated":true}]}}