{"id":3789,"date":"2024-04-11T11:53:38","date_gmt":"2024-04-11T11:53:38","guid":{"rendered":"https:\/\/demowebtesting.net\/?post_type=product&#038;p=3789"},"modified":"2026-01-23T15:59:23","modified_gmt":"2026-01-23T15:59:23","slug":"lychee-vitamin-c-facial-serum-louve-club","status":"publish","type":"product","link":"https:\/\/louve.club\/sq\/produkt\/lychee-vitamin-c-facial-serum-louve-club\/","title":{"rendered":"Lychee Vitamin C Facial Serum"},"content":{"rendered":"<p>Nj\u00eb nga p\u00ebrfitimet ky\u00e7e t\u00eb serumit ton\u00eb \u00ebsht\u00eb se ai funksionon si nj\u00eb neutralizues i tonit t\u00eb l\u00ebkur\u00ebs. N\u00ebse keni probleme me tonin e pauniform\u00eb t\u00eb l\u00ebkur\u00ebs ose njollat e err\u00ebta, serumi yn\u00eb mund t\u00eb ndihmoj\u00eb n\u00eb balancimin e kompleksionit tuaj dhe t\u2019ju jap\u00eb nj\u00eb pamje m\u00eb t\u00eb ndritshme. P\u00ebrve\u00e7 pronave t\u00eb tij neutralizuese t\u00eb tonit, Lychee Vitamin C Facial Serum \u00ebsht\u00eb gjithashtu jasht\u00ebzakonisht qet\u00ebsues dhe relaksues. N\u00ebse keni l\u00ebkur\u00eb t\u00eb ndjeshme ose reaktive, serumi yn\u00eb mund t\u00eb ndihmoj\u00eb n\u00eb reduktimin e skuqjeve dhe inflamacionit, duke l\u00ebn\u00eb l\u00ebkur\u00ebn tuaj t\u00eb ndjehet e qet\u00eb dhe e fresk\u00ebt. Nj\u00eb p\u00ebrfitim tjet\u00ebr i serumit ton\u00eb \u00ebsht\u00eb se ai mund t\u00eb ndihmoj\u00eb n\u00eb reduktimin e formimit t\u00eb melanin\u00ebs, q\u00eb mund t\u00eb \u00e7oj\u00eb n\u00eb njolla t\u00eb err\u00ebta dhe hiperpigmentim. Duke p\u00ebrdorur serum\u00ebn ton\u00eb rregullisht, mund t\u00eb ndihmoni n\u00eb parandalimin e k\u00ebtyre problemeve dhe t\u00eb arrini nj\u00eb ton m\u00eb t\u00eb barabart\u00eb t\u00eb l\u00ebkur\u00ebs.<br \/>\nMadh\u00ebsia: 40 ml<\/p>","protected":false},"excerpt":{"rendered":"<p>Rigjeneroni l\u00ebkur\u00ebn tuaj me Lychee Vitamin C Facial Serum. Kjo p\u00ebrzierje e fuqishme e antioksidant\u00ebve dhe vitaminave, ushqen dhe mbron t\u00eb gjitha tipet e l\u00ebkurave, pavar\u00ebsisht mosh\u00ebs. E pasur me ekstraktin e frutit Lychee, vitamin\u00ebn C dhe E, serumi yn\u00eb redukton formimin e melanin\u00ebs dhe p\u00ebrmir\u00ebson tekstur\u00ebn e l\u00ebkur\u00ebs p\u00ebr tone t\u00eb nj\u00ebtrajtshme dhe l\u00ebkur\u00eb rinore.<\/p>","protected":false},"featured_media":9195,"template":"","meta":{"_acf_changed":false},"product_cat":[121,100],"product_tag":[],"class_list":{"0":"post-3789","1":"product","2":"type-product","3":"status-publish","4":"has-post-thumbnail","6":"product_cat-best-sellers","7":"product_cat-skincare-louve-club","9":"first","10":"outofstock","11":"purchasable","12":"product-type-simple"},"acf":[],"gallery_images":[3792],"yoast_head":"<!-- This site is optimized with the Yoast SEO Premium plugin v23.6 (Yoast SEO v24.6) - https:\/\/yoast.com\/wordpress\/plugins\/seo\/ -->\n<title>Lychee Vitamin C Facial Serum | Boost Your Skin&#039;s Radiance<\/title>\n<meta name=\"description\" content=\"Enhance your skin&#039;s radiance with Lychee Vitamin C Facial Serum by Louve Club. Perfect for a glowing and healthy complexion.\" \/>\n<meta name=\"robots\" content=\"index, follow, max-snippet:-1, max-image-preview:large, max-video-preview:-1\" \/>\n<link rel=\"canonical\" href=\"https:\/\/louve.club\/sq\/produkt\/lychee-vitamin-c-facial-serum-louve-club\/\" \/>\n<meta property=\"og:locale\" content=\"sq_AL\" \/>\n<meta property=\"og:type\" content=\"article\" \/>\n<meta property=\"og:title\" content=\"Lychee Vitamin C Facial Serum | Radiant Skin\" \/>\n<meta property=\"og:description\" content=\"Enhance your skin&#039;s radiance with Lychee Vitamin C Facial Serum by Louve Club. Perfect for a glowing and healthy complexion.\" \/>\n<meta property=\"og:url\" content=\"https:\/\/louve.club\/sq\/produkt\/lychee-vitamin-c-facial-serum-louve-club\/\" \/>\n<meta property=\"og:site_name\" content=\"Louve Club\" \/>\n<meta property=\"article:publisher\" content=\"https:\/\/www.facebook.com\/profile.php?id=100086070951841\" \/>\n<meta property=\"article:modified_time\" content=\"2026-01-23T15:59:23+00:00\" \/>\n<meta property=\"og:image\" content=\"https:\/\/louve.club\/wp-content\/uploads\/2024\/04\/newp33.png\" \/>\n\t<meta property=\"og:image:width\" content=\"600\" \/>\n\t<meta property=\"og:image:height\" content=\"600\" \/>\n\t<meta property=\"og:image:type\" content=\"image\/png\" \/>\n<meta name=\"twitter:card\" content=\"summary_large_image\" \/>\n<meta name=\"twitter:title\" content=\"Lychee Vitamin C Facial Serum\" \/>\n<meta name=\"twitter:label1\" content=\"Est. reading time\" \/>\n\t<meta name=\"twitter:data1\" content=\"1 minut\u00eb\" \/>\n<script type=\"application\/ld+json\" class=\"yoast-schema-graph\">{\"@context\":\"https:\/\/schema.org\",\"@graph\":[{\"@type\":\"WebPage\",\"@id\":\"https:\/\/louve.club\/product\/lychee-vitamin-c-facial-serum-louve-club\/\",\"url\":\"https:\/\/louve.club\/product\/lychee-vitamin-c-facial-serum-louve-club\/\",\"name\":\"Lychee Vitamin C Facial Serum | Boost Your Skin's Radiance\",\"isPartOf\":{\"@id\":\"https:\/\/louve.club\/#website\"},\"primaryImageOfPage\":{\"@id\":\"https:\/\/louve.club\/product\/lychee-vitamin-c-facial-serum-louve-club\/#primaryimage\"},\"image\":{\"@id\":\"https:\/\/louve.club\/product\/lychee-vitamin-c-facial-serum-louve-club\/#primaryimage\"},\"thumbnailUrl\":\"https:\/\/louve.club\/wp-content\/uploads\/2024\/04\/newp33.png\",\"datePublished\":\"2024-04-11T11:53:38+00:00\",\"dateModified\":\"2026-01-23T15:59:23+00:00\",\"description\":\"Enhance your skin's radiance with Lychee Vitamin C Facial Serum by Louve Club. Perfect for a glowing and healthy complexion.\",\"breadcrumb\":{\"@id\":\"https:\/\/louve.club\/product\/lychee-vitamin-c-facial-serum-louve-club\/#breadcrumb\"},\"inLanguage\":\"sq\",\"potentialAction\":[{\"@type\":\"ReadAction\",\"target\":[\"https:\/\/louve.club\/product\/lychee-vitamin-c-facial-serum-louve-club\/\"]}]},{\"@type\":\"ImageObject\",\"inLanguage\":\"sq\",\"@id\":\"https:\/\/louve.club\/product\/lychee-vitamin-c-facial-serum-louve-club\/#primaryimage\",\"url\":\"https:\/\/louve.club\/wp-content\/uploads\/2024\/04\/newp33.png\",\"contentUrl\":\"https:\/\/louve.club\/wp-content\/uploads\/2024\/04\/newp33.png\",\"width\":600,\"height\":600},{\"@type\":\"BreadcrumbList\",\"@id\":\"https:\/\/louve.club\/product\/lychee-vitamin-c-facial-serum-louve-club\/#breadcrumb\",\"itemListElement\":[{\"@type\":\"ListItem\",\"position\":1,\"name\":\"Home\",\"item\":\"https:\/\/louve.club\/sq\/?elementor_library=cta-section\"},{\"@type\":\"ListItem\",\"position\":2,\"name\":\"Shop\",\"item\":\"https:\/\/louve.club\/shop-louve-club\/\"},{\"@type\":\"ListItem\",\"position\":3,\"name\":\"Lychee Vitamin C Facial Serum\"}]},{\"@type\":\"WebSite\",\"@id\":\"https:\/\/louve.club\/#website\",\"url\":\"https:\/\/louve.club\/\",\"name\":\"Louve Club\",\"description\":\"\",\"publisher\":{\"@id\":\"https:\/\/louve.club\/#organization\"},\"potentialAction\":[{\"@type\":\"SearchAction\",\"target\":{\"@type\":\"EntryPoint\",\"urlTemplate\":\"https:\/\/louve.club\/?s={search_term_string}\"},\"query-input\":{\"@type\":\"PropertyValueSpecification\",\"valueRequired\":true,\"valueName\":\"search_term_string\"}}],\"inLanguage\":\"sq\"},{\"@type\":\"Organization\",\"@id\":\"https:\/\/louve.club\/#organization\",\"name\":\"Louve Club\",\"url\":\"https:\/\/louve.club\/\",\"logo\":{\"@type\":\"ImageObject\",\"inLanguage\":\"sq\",\"@id\":\"https:\/\/louve.club\/#\/schema\/logo\/image\/\",\"url\":\"https:\/\/louve.club\/wp-content\/uploads\/2024\/04\/louve-logo.png\",\"contentUrl\":\"https:\/\/louve.club\/wp-content\/uploads\/2024\/04\/louve-logo.png\",\"width\":300,\"height\":115,\"caption\":\"Louve Club\"},\"image\":{\"@id\":\"https:\/\/louve.club\/#\/schema\/logo\/image\/\"},\"sameAs\":[\"https:\/\/www.facebook.com\/profile.php?id=100086070951841\",\"https:\/\/www.instagram.com\/louve.club\/\",\"https:\/\/www.tiktok.com\/@louve.club\"]}]}<\/script>\n<!-- \/ Yoast SEO Premium plugin. -->","yoast_head_json":{"title":"Lychee Vitamin C Facial Serum | Boost Your Skin's Radiance","description":"Enhance your skin's radiance with Lychee Vitamin C Facial Serum by Louve Club. Perfect for a glowing and healthy complexion.","robots":{"index":"index","follow":"follow","max-snippet":"max-snippet:-1","max-image-preview":"max-image-preview:large","max-video-preview":"max-video-preview:-1"},"canonical":"https:\/\/louve.club\/sq\/produkt\/lychee-vitamin-c-facial-serum-louve-club\/","og_locale":"sq_AL","og_type":"article","og_title":"Lychee Vitamin C Facial Serum | Radiant Skin","og_description":"Enhance your skin's radiance with Lychee Vitamin C Facial Serum by Louve Club. Perfect for a glowing and healthy complexion.","og_url":"https:\/\/louve.club\/sq\/produkt\/lychee-vitamin-c-facial-serum-louve-club\/","og_site_name":"Louve Club","article_publisher":"https:\/\/www.facebook.com\/profile.php?id=100086070951841","article_modified_time":"2026-01-23T15:59:23+00:00","og_image":[{"width":600,"height":600,"url":"https:\/\/louve.club\/wp-content\/uploads\/2024\/04\/newp33.png","type":"image\/png"}],"twitter_card":"summary_large_image","twitter_title":"Lychee Vitamin C Facial Serum","twitter_misc":{"Est. reading time":"1 minut\u00eb"},"schema":{"@context":"https:\/\/schema.org","@graph":[{"@type":"WebPage","@id":"https:\/\/louve.club\/product\/lychee-vitamin-c-facial-serum-louve-club\/","url":"https:\/\/louve.club\/product\/lychee-vitamin-c-facial-serum-louve-club\/","name":"Lychee Vitamin C Facial Serum | Boost Your Skin's Radiance","isPartOf":{"@id":"https:\/\/louve.club\/#website"},"primaryImageOfPage":{"@id":"https:\/\/louve.club\/product\/lychee-vitamin-c-facial-serum-louve-club\/#primaryimage"},"image":{"@id":"https:\/\/louve.club\/product\/lychee-vitamin-c-facial-serum-louve-club\/#primaryimage"},"thumbnailUrl":"https:\/\/louve.club\/wp-content\/uploads\/2024\/04\/newp33.png","datePublished":"2024-04-11T11:53:38+00:00","dateModified":"2026-01-23T15:59:23+00:00","description":"Enhance your skin's radiance with Lychee Vitamin C Facial Serum by Louve Club. Perfect for a glowing and healthy complexion.","breadcrumb":{"@id":"https:\/\/louve.club\/product\/lychee-vitamin-c-facial-serum-louve-club\/#breadcrumb"},"inLanguage":"sq","potentialAction":[{"@type":"ReadAction","target":["https:\/\/louve.club\/product\/lychee-vitamin-c-facial-serum-louve-club\/"]}]},{"@type":"ImageObject","inLanguage":"sq","@id":"https:\/\/louve.club\/product\/lychee-vitamin-c-facial-serum-louve-club\/#primaryimage","url":"https:\/\/louve.club\/wp-content\/uploads\/2024\/04\/newp33.png","contentUrl":"https:\/\/louve.club\/wp-content\/uploads\/2024\/04\/newp33.png","width":600,"height":600},{"@type":"BreadcrumbList","@id":"https:\/\/louve.club\/product\/lychee-vitamin-c-facial-serum-louve-club\/#breadcrumb","itemListElement":[{"@type":"ListItem","position":1,"name":"Home","item":"https:\/\/louve.club\/sq\/?elementor_library=cta-section"},{"@type":"ListItem","position":2,"name":"Shop","item":"https:\/\/louve.club\/shop-louve-club\/"},{"@type":"ListItem","position":3,"name":"Lychee Vitamin C Facial Serum"}]},{"@type":"WebSite","@id":"https:\/\/louve.club\/#website","url":"https:\/\/louve.club\/","name":"Louve Club","description":"","publisher":{"@id":"https:\/\/louve.club\/#organization"},"potentialAction":[{"@type":"SearchAction","target":{"@type":"EntryPoint","urlTemplate":"https:\/\/louve.club\/?s={search_term_string}"},"query-input":{"@type":"PropertyValueSpecification","valueRequired":true,"valueName":"search_term_string"}}],"inLanguage":"sq"},{"@type":"Organization","@id":"https:\/\/louve.club\/#organization","name":"Louve Club","url":"https:\/\/louve.club\/","logo":{"@type":"ImageObject","inLanguage":"sq","@id":"https:\/\/louve.club\/#\/schema\/logo\/image\/","url":"https:\/\/louve.club\/wp-content\/uploads\/2024\/04\/louve-logo.png","contentUrl":"https:\/\/louve.club\/wp-content\/uploads\/2024\/04\/louve-logo.png","width":300,"height":115,"caption":"Louve Club"},"image":{"@id":"https:\/\/louve.club\/#\/schema\/logo\/image\/"},"sameAs":["https:\/\/www.facebook.com\/profile.php?id=100086070951841","https:\/\/www.instagram.com\/louve.club\/","https:\/\/www.tiktok.com\/@louve.club"]}]}},"_links":{"self":[{"href":"https:\/\/louve.club\/sq\/wp-json\/wp\/v2\/product\/3789"}],"collection":[{"href":"https:\/\/louve.club\/sq\/wp-json\/wp\/v2\/product"}],"about":[{"href":"https:\/\/louve.club\/sq\/wp-json\/wp\/v2\/types\/product"}],"wp:featuredmedia":[{"embeddable":true,"href":"https:\/\/louve.club\/sq\/wp-json\/wp\/v2\/media\/9195"}],"wp:attachment":[{"href":"https:\/\/louve.club\/sq\/wp-json\/wp\/v2\/media?parent=3789"}],"wp:term":[{"taxonomy":"product_cat","embeddable":true,"href":"https:\/\/louve.club\/sq\/wp-json\/wp\/v2\/product_cat?post=3789"},{"taxonomy":"product_tag","embeddable":true,"href":"https:\/\/louve.club\/sq\/wp-json\/wp\/v2\/product_tag?post=3789"}],"curies":[{"name":"wp","href":"https:\/\/api.w.org\/{rel}","templated":true}]}}