{"id":3793,"date":"2024-04-10T11:57:16","date_gmt":"2024-04-10T11:57:16","guid":{"rendered":"https:\/\/demowebtesting.net\/?post_type=product&#038;p=3793"},"modified":"2026-01-23T15:59:31","modified_gmt":"2026-01-23T15:59:31","slug":"lychee-moisturizer-cream-louve-club","status":"publish","type":"product","link":"https:\/\/louve.club\/sq\/produkt\/lychee-moisturizer-cream-louve-club\/","title":{"rendered":"Lychee Moisturizer Cream"},"content":{"rendered":"<p>P\u00ebrb\u00ebr\u00ebsi kryesor n\u00eb formul\u00ebn ton\u00eb \u00ebsht\u00eb ekstrakti i lichit, i pasur me vitamin\u00eb C q\u00eb ndri\u00e7on l\u00ebkur\u00ebn. Ky antioksidant i fuqish\u00ebm jo vet\u00ebm q\u00eb ndri\u00e7on l\u00ebkur\u00ebn tuaj, por gjithashtu redukton pamjen e njollave t\u00eb err\u00ebta dhe hiperpigmentimit, duke ju l\u00ebn\u00eb me nj\u00eb kompleksion m\u00eb t\u00eb past\u00ebr dhe m\u00eb t\u00eb barabart\u00eb. Ai gjithashtu ka veti qet\u00ebsuese dhe relaksuese, duke e b\u00ebr\u00eb at\u00eb t\u00eb p\u00ebrshtatsh\u00ebm p\u00ebr llojet e l\u00ebkur\u00ebs s\u00eb ndjeshme. Kr\u00ebma jon\u00eb hidratante me Lychee hidraton dhe zbut thell\u00eb l\u00ebkur\u00ebn tuaj, duke e l\u00ebn\u00eb at\u00eb t\u00eb ndjehet t\u00eb but\u00eb dhe t\u00eb l\u00ebmuar. Ai ruan lag\u00ebshtin\u00eb dhe l\u00ebnd\u00ebt ushqyese, duke mbajtur l\u00ebkur\u00ebn tuaj t\u00eb hidratuar gjat\u00eb gjith\u00eb dit\u00ebs dhe mbron l\u00ebkur\u00ebn tuaj nga stresor\u00ebt ambientale, duke reduktuar pamjen e rrudhave dhe vijave t\u00eb imta. Kjo krem \u00ebsht\u00eb e p\u00ebrshtatshme p\u00ebr t\u00eb gjitha llojet e l\u00ebkur\u00ebs, p\u00ebrfshir\u00eb l\u00ebkur\u00ebn e yndyrshme dhe t\u00eb prirur p\u00ebr akne. Ka nj\u00eb tekstur\u00eb t\u00eb leht\u00eb, t\u00eb pa yndyrshme q\u00eb absorbohet shpejt n\u00eb l\u00ebkur\u00ebn tuaj, duke l\u00ebn\u00eb pas nj\u00eb arom\u00eb t\u00eb \u00ebmb\u00ebl dhe t\u00eb holl\u00eb q\u00eb q\u00ebndron gjat\u00eb gjith\u00eb dit\u00ebs. P\u00ebrjetoni fuqin\u00eb transformuese t\u00eb ekstraktit t\u00eb lichit n\u00eb kr\u00ebm\u00ebn ton\u00eb hidratante me Lychee dhe zbuloni sekretin e l\u00ebkur\u00ebs q\u00eb shk\u00eblqen dhe \u00ebsht\u00eb e ndritshme.<br \/>\nMadh\u00ebsia: 50 ml<\/p>","protected":false},"excerpt":{"rendered":"<p>P\u00ebrk\u00ebdheleni l\u00ebkur\u00ebn tuaj me hidratimin luksoz t\u00eb Kremit Hidratues Lychee. Ky krem i pasur kombinon ekstraktin e frutit Lychee me Centella Asiatica, Trigliceridet kaprilike\/kaprike dhe Niacinamidet, p\u00ebr t\u00eb ushqyer, hidratuar dhe rigjeneruar thell\u00ebsisht l\u00ebkur\u00ebn tuaj. I p\u00ebrshtatsh\u00ebm p\u00ebr t\u00eb gjitha llojet e l\u00ebkur\u00ebs, kremi yn\u00eb hidratues ushqen dhe ndihmon n\u00eb ruajtjen e hidratimit natyral t\u00eb l\u00ebkur\u00ebs, redukton dukjen e poreve n\u00eb l\u00ebkur\u00eb dhe p\u00ebrmir\u00ebson tonin e saj.<\/p>","protected":false},"featured_media":9197,"template":"","meta":{"_acf_changed":false},"product_cat":[121,100],"product_tag":[],"class_list":{"0":"post-3793","1":"product","2":"type-product","3":"status-publish","4":"has-post-thumbnail","6":"product_cat-best-sellers","7":"product_cat-skincare-louve-club","9":"first","10":"outofstock","11":"purchasable","12":"product-type-simple"},"acf":[],"gallery_images":[3795],"yoast_head":"<!-- This site is optimized with the Yoast SEO Premium plugin v23.6 (Yoast SEO v24.6) - https:\/\/yoast.com\/wordpress\/plugins\/seo\/ -->\n<title>Lychee Moisturizer Cream | Deep Hydration for Soft Skin<\/title>\n<meta name=\"description\" content=\"Hydrate your skin deeply with Lychee Moisturizer Cream by Louve Club. Perfect for achieving soft, smooth, and nourished skin.\" \/>\n<meta name=\"robots\" content=\"index, follow, max-snippet:-1, max-image-preview:large, max-video-preview:-1\" \/>\n<link rel=\"canonical\" href=\"https:\/\/louve.club\/sq\/produkt\/lychee-moisturizer-cream-louve-club\/\" \/>\n<meta property=\"og:locale\" content=\"sq_AL\" \/>\n<meta property=\"og:type\" content=\"article\" \/>\n<meta property=\"og:title\" content=\"Lychee Moisturizer Cream | Deep Hydration\" \/>\n<meta property=\"og:description\" content=\"Hydrate your skin deeply with Lychee Moisturizer Cream by Louve Club. Perfect for achieving soft, smooth, and nourished skin.\" \/>\n<meta property=\"og:url\" content=\"https:\/\/louve.club\/sq\/produkt\/lychee-moisturizer-cream-louve-club\/\" \/>\n<meta property=\"og:site_name\" content=\"Louve Club\" \/>\n<meta property=\"article:publisher\" content=\"https:\/\/www.facebook.com\/profile.php?id=100086070951841\" \/>\n<meta property=\"article:modified_time\" content=\"2026-01-23T15:59:31+00:00\" \/>\n<meta property=\"og:image\" content=\"https:\/\/louve.club\/wp-content\/uploads\/2024\/04\/newp55.png\" \/>\n\t<meta property=\"og:image:width\" content=\"600\" \/>\n\t<meta property=\"og:image:height\" content=\"600\" \/>\n\t<meta property=\"og:image:type\" content=\"image\/png\" \/>\n<meta name=\"twitter:card\" content=\"summary_large_image\" \/>\n<meta name=\"twitter:title\" content=\"Lychee Moisturizer Cream\" \/>\n<meta name=\"twitter:label1\" content=\"Est. reading time\" \/>\n\t<meta name=\"twitter:data1\" content=\"1 minut\u00eb\" \/>\n<script type=\"application\/ld+json\" class=\"yoast-schema-graph\">{\"@context\":\"https:\/\/schema.org\",\"@graph\":[{\"@type\":\"WebPage\",\"@id\":\"https:\/\/louve.club\/product\/lychee-moisturizer-cream-louve-club\/\",\"url\":\"https:\/\/louve.club\/product\/lychee-moisturizer-cream-louve-club\/\",\"name\":\"Lychee Moisturizer Cream | Deep Hydration for Soft Skin\",\"isPartOf\":{\"@id\":\"https:\/\/louve.club\/#website\"},\"primaryImageOfPage\":{\"@id\":\"https:\/\/louve.club\/product\/lychee-moisturizer-cream-louve-club\/#primaryimage\"},\"image\":{\"@id\":\"https:\/\/louve.club\/product\/lychee-moisturizer-cream-louve-club\/#primaryimage\"},\"thumbnailUrl\":\"https:\/\/louve.club\/wp-content\/uploads\/2024\/04\/newp55.png\",\"datePublished\":\"2024-04-10T11:57:16+00:00\",\"dateModified\":\"2026-01-23T15:59:31+00:00\",\"description\":\"Hydrate your skin deeply with Lychee Moisturizer Cream by Louve Club. Perfect for achieving soft, smooth, and nourished skin.\",\"breadcrumb\":{\"@id\":\"https:\/\/louve.club\/product\/lychee-moisturizer-cream-louve-club\/#breadcrumb\"},\"inLanguage\":\"sq\",\"potentialAction\":[{\"@type\":\"ReadAction\",\"target\":[\"https:\/\/louve.club\/product\/lychee-moisturizer-cream-louve-club\/\"]}]},{\"@type\":\"ImageObject\",\"inLanguage\":\"sq\",\"@id\":\"https:\/\/louve.club\/product\/lychee-moisturizer-cream-louve-club\/#primaryimage\",\"url\":\"https:\/\/louve.club\/wp-content\/uploads\/2024\/04\/newp55.png\",\"contentUrl\":\"https:\/\/louve.club\/wp-content\/uploads\/2024\/04\/newp55.png\",\"width\":600,\"height\":600},{\"@type\":\"BreadcrumbList\",\"@id\":\"https:\/\/louve.club\/product\/lychee-moisturizer-cream-louve-club\/#breadcrumb\",\"itemListElement\":[{\"@type\":\"ListItem\",\"position\":1,\"name\":\"Home\",\"item\":\"https:\/\/louve.club\/sq\/?elementor_library=cta-section\"},{\"@type\":\"ListItem\",\"position\":2,\"name\":\"Shop\",\"item\":\"https:\/\/louve.club\/shop-louve-club\/\"},{\"@type\":\"ListItem\",\"position\":3,\"name\":\"Lychee Moisturizer Cream\"}]},{\"@type\":\"WebSite\",\"@id\":\"https:\/\/louve.club\/#website\",\"url\":\"https:\/\/louve.club\/\",\"name\":\"Louve Club\",\"description\":\"\",\"publisher\":{\"@id\":\"https:\/\/louve.club\/#organization\"},\"potentialAction\":[{\"@type\":\"SearchAction\",\"target\":{\"@type\":\"EntryPoint\",\"urlTemplate\":\"https:\/\/louve.club\/?s={search_term_string}\"},\"query-input\":{\"@type\":\"PropertyValueSpecification\",\"valueRequired\":true,\"valueName\":\"search_term_string\"}}],\"inLanguage\":\"sq\"},{\"@type\":\"Organization\",\"@id\":\"https:\/\/louve.club\/#organization\",\"name\":\"Louve Club\",\"url\":\"https:\/\/louve.club\/\",\"logo\":{\"@type\":\"ImageObject\",\"inLanguage\":\"sq\",\"@id\":\"https:\/\/louve.club\/#\/schema\/logo\/image\/\",\"url\":\"https:\/\/louve.club\/wp-content\/uploads\/2024\/04\/louve-logo.png\",\"contentUrl\":\"https:\/\/louve.club\/wp-content\/uploads\/2024\/04\/louve-logo.png\",\"width\":300,\"height\":115,\"caption\":\"Louve Club\"},\"image\":{\"@id\":\"https:\/\/louve.club\/#\/schema\/logo\/image\/\"},\"sameAs\":[\"https:\/\/www.facebook.com\/profile.php?id=100086070951841\",\"https:\/\/www.instagram.com\/louve.club\/\",\"https:\/\/www.tiktok.com\/@louve.club\"]}]}<\/script>\n<!-- \/ Yoast SEO Premium plugin. -->","yoast_head_json":{"title":"Lychee Moisturizer Cream | Deep Hydration for Soft Skin","description":"Hydrate your skin deeply with Lychee Moisturizer Cream by Louve Club. Perfect for achieving soft, smooth, and nourished skin.","robots":{"index":"index","follow":"follow","max-snippet":"max-snippet:-1","max-image-preview":"max-image-preview:large","max-video-preview":"max-video-preview:-1"},"canonical":"https:\/\/louve.club\/sq\/produkt\/lychee-moisturizer-cream-louve-club\/","og_locale":"sq_AL","og_type":"article","og_title":"Lychee Moisturizer Cream | Deep Hydration","og_description":"Hydrate your skin deeply with Lychee Moisturizer Cream by Louve Club. Perfect for achieving soft, smooth, and nourished skin.","og_url":"https:\/\/louve.club\/sq\/produkt\/lychee-moisturizer-cream-louve-club\/","og_site_name":"Louve Club","article_publisher":"https:\/\/www.facebook.com\/profile.php?id=100086070951841","article_modified_time":"2026-01-23T15:59:31+00:00","og_image":[{"width":600,"height":600,"url":"https:\/\/louve.club\/wp-content\/uploads\/2024\/04\/newp55.png","type":"image\/png"}],"twitter_card":"summary_large_image","twitter_title":"Lychee Moisturizer Cream","twitter_misc":{"Est. reading time":"1 minut\u00eb"},"schema":{"@context":"https:\/\/schema.org","@graph":[{"@type":"WebPage","@id":"https:\/\/louve.club\/product\/lychee-moisturizer-cream-louve-club\/","url":"https:\/\/louve.club\/product\/lychee-moisturizer-cream-louve-club\/","name":"Lychee Moisturizer Cream | Deep Hydration for Soft Skin","isPartOf":{"@id":"https:\/\/louve.club\/#website"},"primaryImageOfPage":{"@id":"https:\/\/louve.club\/product\/lychee-moisturizer-cream-louve-club\/#primaryimage"},"image":{"@id":"https:\/\/louve.club\/product\/lychee-moisturizer-cream-louve-club\/#primaryimage"},"thumbnailUrl":"https:\/\/louve.club\/wp-content\/uploads\/2024\/04\/newp55.png","datePublished":"2024-04-10T11:57:16+00:00","dateModified":"2026-01-23T15:59:31+00:00","description":"Hydrate your skin deeply with Lychee Moisturizer Cream by Louve Club. Perfect for achieving soft, smooth, and nourished skin.","breadcrumb":{"@id":"https:\/\/louve.club\/product\/lychee-moisturizer-cream-louve-club\/#breadcrumb"},"inLanguage":"sq","potentialAction":[{"@type":"ReadAction","target":["https:\/\/louve.club\/product\/lychee-moisturizer-cream-louve-club\/"]}]},{"@type":"ImageObject","inLanguage":"sq","@id":"https:\/\/louve.club\/product\/lychee-moisturizer-cream-louve-club\/#primaryimage","url":"https:\/\/louve.club\/wp-content\/uploads\/2024\/04\/newp55.png","contentUrl":"https:\/\/louve.club\/wp-content\/uploads\/2024\/04\/newp55.png","width":600,"height":600},{"@type":"BreadcrumbList","@id":"https:\/\/louve.club\/product\/lychee-moisturizer-cream-louve-club\/#breadcrumb","itemListElement":[{"@type":"ListItem","position":1,"name":"Home","item":"https:\/\/louve.club\/sq\/?elementor_library=cta-section"},{"@type":"ListItem","position":2,"name":"Shop","item":"https:\/\/louve.club\/shop-louve-club\/"},{"@type":"ListItem","position":3,"name":"Lychee Moisturizer Cream"}]},{"@type":"WebSite","@id":"https:\/\/louve.club\/#website","url":"https:\/\/louve.club\/","name":"Louve Club","description":"","publisher":{"@id":"https:\/\/louve.club\/#organization"},"potentialAction":[{"@type":"SearchAction","target":{"@type":"EntryPoint","urlTemplate":"https:\/\/louve.club\/?s={search_term_string}"},"query-input":{"@type":"PropertyValueSpecification","valueRequired":true,"valueName":"search_term_string"}}],"inLanguage":"sq"},{"@type":"Organization","@id":"https:\/\/louve.club\/#organization","name":"Louve Club","url":"https:\/\/louve.club\/","logo":{"@type":"ImageObject","inLanguage":"sq","@id":"https:\/\/louve.club\/#\/schema\/logo\/image\/","url":"https:\/\/louve.club\/wp-content\/uploads\/2024\/04\/louve-logo.png","contentUrl":"https:\/\/louve.club\/wp-content\/uploads\/2024\/04\/louve-logo.png","width":300,"height":115,"caption":"Louve Club"},"image":{"@id":"https:\/\/louve.club\/#\/schema\/logo\/image\/"},"sameAs":["https:\/\/www.facebook.com\/profile.php?id=100086070951841","https:\/\/www.instagram.com\/louve.club\/","https:\/\/www.tiktok.com\/@louve.club"]}]}},"_links":{"self":[{"href":"https:\/\/louve.club\/sq\/wp-json\/wp\/v2\/product\/3793"}],"collection":[{"href":"https:\/\/louve.club\/sq\/wp-json\/wp\/v2\/product"}],"about":[{"href":"https:\/\/louve.club\/sq\/wp-json\/wp\/v2\/types\/product"}],"wp:featuredmedia":[{"embeddable":true,"href":"https:\/\/louve.club\/sq\/wp-json\/wp\/v2\/media\/9197"}],"wp:attachment":[{"href":"https:\/\/louve.club\/sq\/wp-json\/wp\/v2\/media?parent=3793"}],"wp:term":[{"taxonomy":"product_cat","embeddable":true,"href":"https:\/\/louve.club\/sq\/wp-json\/wp\/v2\/product_cat?post=3793"},{"taxonomy":"product_tag","embeddable":true,"href":"https:\/\/louve.club\/sq\/wp-json\/wp\/v2\/product_tag?post=3793"}],"curies":[{"name":"wp","href":"https:\/\/api.w.org\/{rel}","templated":true}]}}