{"id":3797,"date":"2024-04-05T12:04:57","date_gmt":"2024-04-05T12:04:57","guid":{"rendered":"https:\/\/demowebtesting.net\/?post_type=product&#038;p=3797"},"modified":"2026-01-23T16:00:31","modified_gmt":"2026-01-23T16:00:31","slug":"amabilis-hair-perfume-louve-club","status":"publish","type":"product","link":"https:\/\/louve.club\/sq\/produkt\/amabilis-hair-perfume-louve-club\/","title":{"rendered":"Amabilis Hair Perfume"},"content":{"rendered":"<p><span style=\"font-weight: 400;\">Eksploroni luksin me <\/span><b>Amabilis Hair Perfume<\/b><span style=\"font-weight: 400;\">, i formuluar me nj\u00eb kombinim t\u00eb p\u00ebrb\u00ebr\u00ebsve natyral\u00eb t\u00eb zgjedhur me kujdes, si <\/span><b>ekstrakti i frutit t\u00eb Lychee<\/b><span style=\"font-weight: 400;\">, <\/span><b>lule kaktusi<\/b><span style=\"font-weight: 400;\"> dhe <\/span><b>lule saguano<\/b><span style=\"font-weight: 400;\">. Notat e fresk\u00ebta t\u00eb moll\u00ebs dhe lulet ekzotike sjellin nj\u00eb arom\u00eb unike q\u00eb mb\u00ebshtjell flok\u00ebt me but\u00ebsi dhe hidratim. Me <\/span><b>glicerin\u00eb<\/b><span style=\"font-weight: 400;\"> dhe <\/span><b>uj\u00eb<\/b><span style=\"font-weight: 400;\"> si baz\u00eb t\u00eb formul\u00ebs, kjo arom\u00eb p\u00ebr flok\u00ebt jo vet\u00ebm q\u00eb ndihmon n\u00eb ruajtjen e lag\u00ebshtis\u00eb s\u00eb flok\u00ebve, por edhe p\u00ebrmir\u00ebson shk\u00eblqimin dhe tekstur\u00ebn. Ideale p\u00ebr p\u00ebrdorim t\u00eb p\u00ebrditsh\u00ebm, <\/span><b>Amabilis<\/b><span style=\"font-weight: 400;\"> l\u00eb flok\u00ebt tuaj t\u00eb but\u00eb dhe t\u00eb aromatizuar pa i r\u00ebnduar ato.<\/span><br \/>\nMadh\u00ebsia: 50-100 ml<\/p>","protected":false},"excerpt":{"rendered":"<p><span style=\"font-weight: 400;\">Zhytuni n\u00eb arom\u00ebn delikate dhe freskuese t\u00eb <\/span><b>Amabilis Hair Perfume<\/b><span style=\"font-weight: 400;\">, me p\u00ebrb\u00ebr\u00ebs natyral\u00eb si <\/span><b>ekstrakti i frutit t\u00eb Lychee<\/b><span style=\"font-weight: 400;\">, <\/span><b>lule kaktusi<\/b><span style=\"font-weight: 400;\"> dhe <\/span><b>lule saguano<\/b><span style=\"font-weight: 400;\">. Ky parfum flok\u00ebsh l\u00eb nj\u00eb gjurm\u00eb t\u00eb leht\u00eb aromatike q\u00eb zgjat gjat\u00eb gjith\u00eb dit\u00ebs, duke sjell\u00eb nj\u00eb ndjenj\u00eb t\u00eb rafinuar dhe t\u00eb fresk\u00ebt.<\/span><\/p>","protected":false},"featured_media":9198,"template":"","meta":{"_acf_changed":false},"product_cat":[121,107,102],"product_tag":[],"class_list":{"0":"post-3797","1":"product","2":"type-product","3":"status-publish","4":"has-post-thumbnail","6":"product_cat-best-sellers","7":"product_cat-fragrance-louve-club","8":"product_cat-haircare-louve-club","10":"first","11":"outofstock","12":"purchasable","13":"product-type-variable"},"acf":[],"gallery_images":[3802],"yoast_head":"<!-- This site is optimized with the Yoast SEO Premium plugin v23.6 (Yoast SEO v24.6) - https:\/\/yoast.com\/wordpress\/plugins\/seo\/ -->\n<title>Amabilis Hair Perfume | Luxurious Scent for Your Hair<\/title>\n<meta name=\"description\" content=\"Enjoy the exquisite scent of Amabilis Hair Perfume by Louve Club. Perfect for adding a touch of luxury to your daily routine.\" \/>\n<meta name=\"robots\" content=\"index, follow, max-snippet:-1, max-image-preview:large, max-video-preview:-1\" \/>\n<link rel=\"canonical\" href=\"https:\/\/louve.club\/sq\/produkt\/amabilis-hair-perfume-louve-club\/\" \/>\n<meta property=\"og:locale\" content=\"sq_AL\" \/>\n<meta property=\"og:type\" content=\"article\" \/>\n<meta property=\"og:title\" content=\"Amabilis Hair Perfume | Luxurious Hair Scent\" \/>\n<meta property=\"og:description\" content=\"Enjoy the exquisite scent of Amabilis Hair Perfume by Louve Club. Perfect for adding a touch of luxury to your daily hair routine.\" \/>\n<meta property=\"og:url\" content=\"https:\/\/louve.club\/sq\/produkt\/amabilis-hair-perfume-louve-club\/\" \/>\n<meta property=\"og:site_name\" content=\"Louve Club\" \/>\n<meta property=\"article:publisher\" content=\"https:\/\/www.facebook.com\/profile.php?id=100086070951841\" \/>\n<meta property=\"article:modified_time\" content=\"2026-01-23T16:00:31+00:00\" \/>\n<meta property=\"og:image\" content=\"https:\/\/louve.club\/wp-content\/uploads\/2024\/04\/newp66.png\" \/>\n\t<meta property=\"og:image:width\" content=\"600\" \/>\n\t<meta property=\"og:image:height\" content=\"600\" \/>\n\t<meta property=\"og:image:type\" content=\"image\/png\" \/>\n<meta name=\"twitter:card\" content=\"summary_large_image\" \/>\n<meta name=\"twitter:title\" content=\"Amabilis Hair Perfume\" \/>\n<meta name=\"twitter:label1\" content=\"Est. reading time\" \/>\n\t<meta name=\"twitter:data1\" content=\"1 minut\u00eb\" \/>\n<script type=\"application\/ld+json\" class=\"yoast-schema-graph\">{\"@context\":\"https:\/\/schema.org\",\"@graph\":[{\"@type\":\"WebPage\",\"@id\":\"https:\/\/louve.club\/product\/amabilis-hair-perfume-louve-club\/\",\"url\":\"https:\/\/louve.club\/product\/amabilis-hair-perfume-louve-club\/\",\"name\":\"Amabilis Hair Perfume | Luxurious Scent for Your Hair\",\"isPartOf\":{\"@id\":\"https:\/\/louve.club\/#website\"},\"primaryImageOfPage\":{\"@id\":\"https:\/\/louve.club\/product\/amabilis-hair-perfume-louve-club\/#primaryimage\"},\"image\":{\"@id\":\"https:\/\/louve.club\/product\/amabilis-hair-perfume-louve-club\/#primaryimage\"},\"thumbnailUrl\":\"https:\/\/louve.club\/wp-content\/uploads\/2024\/04\/newp66.png\",\"datePublished\":\"2024-04-05T12:04:57+00:00\",\"dateModified\":\"2026-01-23T16:00:31+00:00\",\"description\":\"Enjoy the exquisite scent of Amabilis Hair Perfume by Louve Club. Perfect for adding a touch of luxury to your daily routine.\",\"breadcrumb\":{\"@id\":\"https:\/\/louve.club\/product\/amabilis-hair-perfume-louve-club\/#breadcrumb\"},\"inLanguage\":\"sq\",\"potentialAction\":[{\"@type\":\"ReadAction\",\"target\":[\"https:\/\/louve.club\/product\/amabilis-hair-perfume-louve-club\/\"]}]},{\"@type\":\"ImageObject\",\"inLanguage\":\"sq\",\"@id\":\"https:\/\/louve.club\/product\/amabilis-hair-perfume-louve-club\/#primaryimage\",\"url\":\"https:\/\/louve.club\/wp-content\/uploads\/2024\/04\/newp66.png\",\"contentUrl\":\"https:\/\/louve.club\/wp-content\/uploads\/2024\/04\/newp66.png\",\"width\":600,\"height\":600},{\"@type\":\"BreadcrumbList\",\"@id\":\"https:\/\/louve.club\/product\/amabilis-hair-perfume-louve-club\/#breadcrumb\",\"itemListElement\":[{\"@type\":\"ListItem\",\"position\":1,\"name\":\"Home\",\"item\":\"https:\/\/louve.club\/sq\/?elementor_library=cta-section\"},{\"@type\":\"ListItem\",\"position\":2,\"name\":\"Shop\",\"item\":\"https:\/\/louve.club\/shop-louve-club\/\"},{\"@type\":\"ListItem\",\"position\":3,\"name\":\"Amabilis Hair Perfume\"}]},{\"@type\":\"WebSite\",\"@id\":\"https:\/\/louve.club\/#website\",\"url\":\"https:\/\/louve.club\/\",\"name\":\"Louve Club\",\"description\":\"\",\"publisher\":{\"@id\":\"https:\/\/louve.club\/#organization\"},\"potentialAction\":[{\"@type\":\"SearchAction\",\"target\":{\"@type\":\"EntryPoint\",\"urlTemplate\":\"https:\/\/louve.club\/?s={search_term_string}\"},\"query-input\":{\"@type\":\"PropertyValueSpecification\",\"valueRequired\":true,\"valueName\":\"search_term_string\"}}],\"inLanguage\":\"sq\"},{\"@type\":\"Organization\",\"@id\":\"https:\/\/louve.club\/#organization\",\"name\":\"Louve Club\",\"url\":\"https:\/\/louve.club\/\",\"logo\":{\"@type\":\"ImageObject\",\"inLanguage\":\"sq\",\"@id\":\"https:\/\/louve.club\/#\/schema\/logo\/image\/\",\"url\":\"https:\/\/louve.club\/wp-content\/uploads\/2024\/04\/louve-logo.png\",\"contentUrl\":\"https:\/\/louve.club\/wp-content\/uploads\/2024\/04\/louve-logo.png\",\"width\":300,\"height\":115,\"caption\":\"Louve Club\"},\"image\":{\"@id\":\"https:\/\/louve.club\/#\/schema\/logo\/image\/\"},\"sameAs\":[\"https:\/\/www.facebook.com\/profile.php?id=100086070951841\",\"https:\/\/www.instagram.com\/louve.club\/\",\"https:\/\/www.tiktok.com\/@louve.club\"]}]}<\/script>\n<!-- \/ Yoast SEO Premium plugin. -->","yoast_head_json":{"title":"Amabilis Hair Perfume | Luxurious Scent for Your Hair","description":"Enjoy the exquisite scent of Amabilis Hair Perfume by Louve Club. Perfect for adding a touch of luxury to your daily routine.","robots":{"index":"index","follow":"follow","max-snippet":"max-snippet:-1","max-image-preview":"max-image-preview:large","max-video-preview":"max-video-preview:-1"},"canonical":"https:\/\/louve.club\/sq\/produkt\/amabilis-hair-perfume-louve-club\/","og_locale":"sq_AL","og_type":"article","og_title":"Amabilis Hair Perfume | Luxurious Hair Scent","og_description":"Enjoy the exquisite scent of Amabilis Hair Perfume by Louve Club. Perfect for adding a touch of luxury to your daily hair routine.","og_url":"https:\/\/louve.club\/sq\/produkt\/amabilis-hair-perfume-louve-club\/","og_site_name":"Louve Club","article_publisher":"https:\/\/www.facebook.com\/profile.php?id=100086070951841","article_modified_time":"2026-01-23T16:00:31+00:00","og_image":[{"width":600,"height":600,"url":"https:\/\/louve.club\/wp-content\/uploads\/2024\/04\/newp66.png","type":"image\/png"}],"twitter_card":"summary_large_image","twitter_title":"Amabilis Hair Perfume","twitter_misc":{"Est. reading time":"1 minut\u00eb"},"schema":{"@context":"https:\/\/schema.org","@graph":[{"@type":"WebPage","@id":"https:\/\/louve.club\/product\/amabilis-hair-perfume-louve-club\/","url":"https:\/\/louve.club\/product\/amabilis-hair-perfume-louve-club\/","name":"Amabilis Hair Perfume | Luxurious Scent for Your Hair","isPartOf":{"@id":"https:\/\/louve.club\/#website"},"primaryImageOfPage":{"@id":"https:\/\/louve.club\/product\/amabilis-hair-perfume-louve-club\/#primaryimage"},"image":{"@id":"https:\/\/louve.club\/product\/amabilis-hair-perfume-louve-club\/#primaryimage"},"thumbnailUrl":"https:\/\/louve.club\/wp-content\/uploads\/2024\/04\/newp66.png","datePublished":"2024-04-05T12:04:57+00:00","dateModified":"2026-01-23T16:00:31+00:00","description":"Enjoy the exquisite scent of Amabilis Hair Perfume by Louve Club. Perfect for adding a touch of luxury to your daily routine.","breadcrumb":{"@id":"https:\/\/louve.club\/product\/amabilis-hair-perfume-louve-club\/#breadcrumb"},"inLanguage":"sq","potentialAction":[{"@type":"ReadAction","target":["https:\/\/louve.club\/product\/amabilis-hair-perfume-louve-club\/"]}]},{"@type":"ImageObject","inLanguage":"sq","@id":"https:\/\/louve.club\/product\/amabilis-hair-perfume-louve-club\/#primaryimage","url":"https:\/\/louve.club\/wp-content\/uploads\/2024\/04\/newp66.png","contentUrl":"https:\/\/louve.club\/wp-content\/uploads\/2024\/04\/newp66.png","width":600,"height":600},{"@type":"BreadcrumbList","@id":"https:\/\/louve.club\/product\/amabilis-hair-perfume-louve-club\/#breadcrumb","itemListElement":[{"@type":"ListItem","position":1,"name":"Home","item":"https:\/\/louve.club\/sq\/?elementor_library=cta-section"},{"@type":"ListItem","position":2,"name":"Shop","item":"https:\/\/louve.club\/shop-louve-club\/"},{"@type":"ListItem","position":3,"name":"Amabilis Hair Perfume"}]},{"@type":"WebSite","@id":"https:\/\/louve.club\/#website","url":"https:\/\/louve.club\/","name":"Louve Club","description":"","publisher":{"@id":"https:\/\/louve.club\/#organization"},"potentialAction":[{"@type":"SearchAction","target":{"@type":"EntryPoint","urlTemplate":"https:\/\/louve.club\/?s={search_term_string}"},"query-input":{"@type":"PropertyValueSpecification","valueRequired":true,"valueName":"search_term_string"}}],"inLanguage":"sq"},{"@type":"Organization","@id":"https:\/\/louve.club\/#organization","name":"Louve Club","url":"https:\/\/louve.club\/","logo":{"@type":"ImageObject","inLanguage":"sq","@id":"https:\/\/louve.club\/#\/schema\/logo\/image\/","url":"https:\/\/louve.club\/wp-content\/uploads\/2024\/04\/louve-logo.png","contentUrl":"https:\/\/louve.club\/wp-content\/uploads\/2024\/04\/louve-logo.png","width":300,"height":115,"caption":"Louve Club"},"image":{"@id":"https:\/\/louve.club\/#\/schema\/logo\/image\/"},"sameAs":["https:\/\/www.facebook.com\/profile.php?id=100086070951841","https:\/\/www.instagram.com\/louve.club\/","https:\/\/www.tiktok.com\/@louve.club"]}]}},"_links":{"self":[{"href":"https:\/\/louve.club\/sq\/wp-json\/wp\/v2\/product\/3797"}],"collection":[{"href":"https:\/\/louve.club\/sq\/wp-json\/wp\/v2\/product"}],"about":[{"href":"https:\/\/louve.club\/sq\/wp-json\/wp\/v2\/types\/product"}],"wp:featuredmedia":[{"embeddable":true,"href":"https:\/\/louve.club\/sq\/wp-json\/wp\/v2\/media\/9198"}],"wp:attachment":[{"href":"https:\/\/louve.club\/sq\/wp-json\/wp\/v2\/media?parent=3797"}],"wp:term":[{"taxonomy":"product_cat","embeddable":true,"href":"https:\/\/louve.club\/sq\/wp-json\/wp\/v2\/product_cat?post=3797"},{"taxonomy":"product_tag","embeddable":true,"href":"https:\/\/louve.club\/sq\/wp-json\/wp\/v2\/product_tag?post=3797"}],"curies":[{"name":"wp","href":"https:\/\/api.w.org\/{rel}","templated":true}]}}