{"id":3803,"date":"2024-04-08T12:08:59","date_gmt":"2024-04-08T12:08:59","guid":{"rendered":"https:\/\/demowebtesting.net\/?post_type=product&#038;p=3803"},"modified":"2026-01-23T15:59:54","modified_gmt":"2026-01-23T15:59:54","slug":"bestia-hair-perfume-louve-club","status":"publish","type":"product","link":"https:\/\/louve.club\/sq\/produkt\/bestia-hair-perfume-louve-club\/","title":{"rendered":"Bestia Hair Perfume"},"content":{"rendered":"<p><b>Bestia Hair Perfume<\/b><span style=\"font-weight: 400;\"> \u00ebsht\u00eb p\u00ebr ata q\u00eb k\u00ebrkojn\u00eb nj\u00eb arom\u00eb t\u00eb fuqishme dhe t\u00ebrheq\u00ebse. P\u00ebrb\u00ebr\u00ebsit natyral\u00eb si <\/span><b>ekstrakti i frutit t\u00eb Lychee<\/b><span style=\"font-weight: 400;\">, <\/span><b>dardha<\/b><span style=\"font-weight: 400;\">, <\/span><b>bergamoti<\/b><span style=\"font-weight: 400;\"> dhe <\/span><b>myshku i bardh\u00eb<\/b><span style=\"font-weight: 400;\"> krijojn\u00eb nj\u00eb p\u00ebrzierje dinamike q\u00eb nxit vet\u00ebbesim me \u00e7do sp\u00ebrkatje. Ky parfum flok\u00ebsh jo vet\u00ebm q\u00eb p\u00ebrmban nota t\u00eb forta si <\/span><b>heliotropi<\/b><span style=\"font-weight: 400;\"> dhe <\/span><b>tr\u00ebndafili<\/b><span style=\"font-weight: 400;\">, por gjithashtu ndihmon n\u00eb p\u00ebrmir\u00ebsimin e sh\u00ebndetit t\u00eb flok\u00ebve fal\u00eb p\u00ebrb\u00ebr\u00ebsve hidratues si <\/span><b>glicerina<\/b><span style=\"font-weight: 400;\"> dhe <\/span><b>uji<\/b><span style=\"font-weight: 400;\">. Lejoni q\u00eb aroma magjeps\u00ebse e <\/span><b>Bestia<\/b><span style=\"font-weight: 400;\"> t\u00eb mb\u00ebshtjell\u00eb flok\u00ebt tuaj, duke l\u00ebn\u00eb nj\u00eb gjurm\u00eb t\u00eb q\u00ebndrueshme q\u00eb t\u00ebrheq v\u00ebmendjen gjat\u00eb gjith\u00eb dit\u00ebs.<\/span><br \/>\nMadh\u00ebsia: 50-100 ml<\/p>","protected":false},"excerpt":{"rendered":"<p><span style=\"font-weight: 400;\">Shijoni fuqin\u00eb dhe intensitetin e <\/span><b>Bestia Hair Perfume<\/b><span style=\"font-weight: 400;\">. Ky parfum flok\u00ebsh kombinon frutat dhe notat lulesh si <\/span><b>dardha<\/b><span style=\"font-weight: 400;\">, <\/span><b>myshku i bardh\u00eb<\/b><span style=\"font-weight: 400;\"> dhe <\/span><b>tr\u00ebndafili<\/b><span style=\"font-weight: 400;\">, p\u00ebr t\u00eb krijuar nj\u00eb arom\u00eb q\u00eb mb\u00ebshtjell flok\u00ebt tuaj me nj\u00eb ndjesi t\u00eb sofistikuar dhe elegante.<\/span><\/p>","protected":false},"featured_media":9200,"template":"","meta":{"_acf_changed":false},"product_cat":[121,107,102],"product_tag":[],"class_list":{"0":"post-3803","1":"product","2":"type-product","3":"status-publish","4":"has-post-thumbnail","6":"product_cat-best-sellers","7":"product_cat-fragrance-louve-club","8":"product_cat-haircare-louve-club","10":"first","11":"outofstock","12":"purchasable","13":"product-type-variable"},"acf":[],"gallery_images":[3808],"yoast_head":"<!-- This site is optimized with the Yoast SEO Premium plugin v23.6 (Yoast SEO v24.6) - https:\/\/yoast.com\/wordpress\/plugins\/seo\/ -->\n<title>Bestia Hair Perfume | Captivating Scent for Your Hair<\/title>\n<meta name=\"description\" content=\"Experience the captivating fragrance of Bestia Hair Perfume by Louve Club. Elevate your hair care with this luxurious scent.\" \/>\n<meta name=\"robots\" content=\"index, follow, max-snippet:-1, max-image-preview:large, max-video-preview:-1\" \/>\n<link rel=\"canonical\" href=\"https:\/\/louve.club\/sq\/produkt\/bestia-hair-perfume-louve-club\/\" \/>\n<meta property=\"og:locale\" content=\"sq_AL\" \/>\n<meta property=\"og:type\" content=\"article\" \/>\n<meta property=\"og:title\" content=\"Bestia Hair Perfume | Captivating Hair Scent\" \/>\n<meta property=\"og:description\" content=\"Experience the captivating fragrance of Bestia Hair Perfume by Louve Club. Elevate your hair care with this luxurious scent.\" \/>\n<meta property=\"og:url\" content=\"https:\/\/louve.club\/sq\/produkt\/bestia-hair-perfume-louve-club\/\" \/>\n<meta property=\"og:site_name\" content=\"Louve Club\" \/>\n<meta property=\"article:publisher\" content=\"https:\/\/www.facebook.com\/profile.php?id=100086070951841\" \/>\n<meta property=\"article:modified_time\" content=\"2026-01-23T15:59:54+00:00\" \/>\n<meta property=\"og:image\" content=\"https:\/\/louve.club\/wp-content\/uploads\/2024\/04\/newp77.png\" \/>\n\t<meta property=\"og:image:width\" content=\"600\" \/>\n\t<meta property=\"og:image:height\" content=\"600\" \/>\n\t<meta property=\"og:image:type\" content=\"image\/png\" \/>\n<meta name=\"twitter:card\" content=\"summary_large_image\" \/>\n<meta name=\"twitter:title\" content=\"Bestia Hair Perfume\" \/>\n<meta name=\"twitter:label1\" content=\"Est. reading time\" \/>\n\t<meta name=\"twitter:data1\" content=\"1 minut\u00eb\" \/>\n<script type=\"application\/ld+json\" class=\"yoast-schema-graph\">{\"@context\":\"https:\/\/schema.org\",\"@graph\":[{\"@type\":\"WebPage\",\"@id\":\"https:\/\/louve.club\/product\/bestia-hair-perfume-louve-club\/\",\"url\":\"https:\/\/louve.club\/product\/bestia-hair-perfume-louve-club\/\",\"name\":\"Bestia Hair Perfume | Captivating Scent for Your Hair\",\"isPartOf\":{\"@id\":\"https:\/\/louve.club\/#website\"},\"primaryImageOfPage\":{\"@id\":\"https:\/\/louve.club\/product\/bestia-hair-perfume-louve-club\/#primaryimage\"},\"image\":{\"@id\":\"https:\/\/louve.club\/product\/bestia-hair-perfume-louve-club\/#primaryimage\"},\"thumbnailUrl\":\"https:\/\/louve.club\/wp-content\/uploads\/2024\/04\/newp77.png\",\"datePublished\":\"2024-04-08T12:08:59+00:00\",\"dateModified\":\"2026-01-23T15:59:54+00:00\",\"description\":\"Experience the captivating fragrance of Bestia Hair Perfume by Louve Club. Elevate your hair care with this luxurious scent.\",\"breadcrumb\":{\"@id\":\"https:\/\/louve.club\/product\/bestia-hair-perfume-louve-club\/#breadcrumb\"},\"inLanguage\":\"sq\",\"potentialAction\":[{\"@type\":\"ReadAction\",\"target\":[\"https:\/\/louve.club\/product\/bestia-hair-perfume-louve-club\/\"]}]},{\"@type\":\"ImageObject\",\"inLanguage\":\"sq\",\"@id\":\"https:\/\/louve.club\/product\/bestia-hair-perfume-louve-club\/#primaryimage\",\"url\":\"https:\/\/louve.club\/wp-content\/uploads\/2024\/04\/newp77.png\",\"contentUrl\":\"https:\/\/louve.club\/wp-content\/uploads\/2024\/04\/newp77.png\",\"width\":600,\"height\":600},{\"@type\":\"BreadcrumbList\",\"@id\":\"https:\/\/louve.club\/product\/bestia-hair-perfume-louve-club\/#breadcrumb\",\"itemListElement\":[{\"@type\":\"ListItem\",\"position\":1,\"name\":\"Home\",\"item\":\"https:\/\/louve.club\/sq\/?elementor_library=cta-section\"},{\"@type\":\"ListItem\",\"position\":2,\"name\":\"Shop\",\"item\":\"https:\/\/louve.club\/shop-louve-club\/\"},{\"@type\":\"ListItem\",\"position\":3,\"name\":\"Bestia Hair Perfume\"}]},{\"@type\":\"WebSite\",\"@id\":\"https:\/\/louve.club\/#website\",\"url\":\"https:\/\/louve.club\/\",\"name\":\"Louve Club\",\"description\":\"\",\"publisher\":{\"@id\":\"https:\/\/louve.club\/#organization\"},\"potentialAction\":[{\"@type\":\"SearchAction\",\"target\":{\"@type\":\"EntryPoint\",\"urlTemplate\":\"https:\/\/louve.club\/?s={search_term_string}\"},\"query-input\":{\"@type\":\"PropertyValueSpecification\",\"valueRequired\":true,\"valueName\":\"search_term_string\"}}],\"inLanguage\":\"sq\"},{\"@type\":\"Organization\",\"@id\":\"https:\/\/louve.club\/#organization\",\"name\":\"Louve Club\",\"url\":\"https:\/\/louve.club\/\",\"logo\":{\"@type\":\"ImageObject\",\"inLanguage\":\"sq\",\"@id\":\"https:\/\/louve.club\/#\/schema\/logo\/image\/\",\"url\":\"https:\/\/louve.club\/wp-content\/uploads\/2024\/04\/louve-logo.png\",\"contentUrl\":\"https:\/\/louve.club\/wp-content\/uploads\/2024\/04\/louve-logo.png\",\"width\":300,\"height\":115,\"caption\":\"Louve Club\"},\"image\":{\"@id\":\"https:\/\/louve.club\/#\/schema\/logo\/image\/\"},\"sameAs\":[\"https:\/\/www.facebook.com\/profile.php?id=100086070951841\",\"https:\/\/www.instagram.com\/louve.club\/\",\"https:\/\/www.tiktok.com\/@louve.club\"]}]}<\/script>\n<!-- \/ Yoast SEO Premium plugin. -->","yoast_head_json":{"title":"Bestia Hair Perfume | Captivating Scent for Your Hair","description":"Experience the captivating fragrance of Bestia Hair Perfume by Louve Club. Elevate your hair care with this luxurious scent.","robots":{"index":"index","follow":"follow","max-snippet":"max-snippet:-1","max-image-preview":"max-image-preview:large","max-video-preview":"max-video-preview:-1"},"canonical":"https:\/\/louve.club\/sq\/produkt\/bestia-hair-perfume-louve-club\/","og_locale":"sq_AL","og_type":"article","og_title":"Bestia Hair Perfume | Captivating Hair Scent","og_description":"Experience the captivating fragrance of Bestia Hair Perfume by Louve Club. Elevate your hair care with this luxurious scent.","og_url":"https:\/\/louve.club\/sq\/produkt\/bestia-hair-perfume-louve-club\/","og_site_name":"Louve Club","article_publisher":"https:\/\/www.facebook.com\/profile.php?id=100086070951841","article_modified_time":"2026-01-23T15:59:54+00:00","og_image":[{"width":600,"height":600,"url":"https:\/\/louve.club\/wp-content\/uploads\/2024\/04\/newp77.png","type":"image\/png"}],"twitter_card":"summary_large_image","twitter_title":"Bestia Hair Perfume","twitter_misc":{"Est. reading time":"1 minut\u00eb"},"schema":{"@context":"https:\/\/schema.org","@graph":[{"@type":"WebPage","@id":"https:\/\/louve.club\/product\/bestia-hair-perfume-louve-club\/","url":"https:\/\/louve.club\/product\/bestia-hair-perfume-louve-club\/","name":"Bestia Hair Perfume | Captivating Scent for Your Hair","isPartOf":{"@id":"https:\/\/louve.club\/#website"},"primaryImageOfPage":{"@id":"https:\/\/louve.club\/product\/bestia-hair-perfume-louve-club\/#primaryimage"},"image":{"@id":"https:\/\/louve.club\/product\/bestia-hair-perfume-louve-club\/#primaryimage"},"thumbnailUrl":"https:\/\/louve.club\/wp-content\/uploads\/2024\/04\/newp77.png","datePublished":"2024-04-08T12:08:59+00:00","dateModified":"2026-01-23T15:59:54+00:00","description":"Experience the captivating fragrance of Bestia Hair Perfume by Louve Club. Elevate your hair care with this luxurious scent.","breadcrumb":{"@id":"https:\/\/louve.club\/product\/bestia-hair-perfume-louve-club\/#breadcrumb"},"inLanguage":"sq","potentialAction":[{"@type":"ReadAction","target":["https:\/\/louve.club\/product\/bestia-hair-perfume-louve-club\/"]}]},{"@type":"ImageObject","inLanguage":"sq","@id":"https:\/\/louve.club\/product\/bestia-hair-perfume-louve-club\/#primaryimage","url":"https:\/\/louve.club\/wp-content\/uploads\/2024\/04\/newp77.png","contentUrl":"https:\/\/louve.club\/wp-content\/uploads\/2024\/04\/newp77.png","width":600,"height":600},{"@type":"BreadcrumbList","@id":"https:\/\/louve.club\/product\/bestia-hair-perfume-louve-club\/#breadcrumb","itemListElement":[{"@type":"ListItem","position":1,"name":"Home","item":"https:\/\/louve.club\/sq\/?elementor_library=cta-section"},{"@type":"ListItem","position":2,"name":"Shop","item":"https:\/\/louve.club\/shop-louve-club\/"},{"@type":"ListItem","position":3,"name":"Bestia Hair Perfume"}]},{"@type":"WebSite","@id":"https:\/\/louve.club\/#website","url":"https:\/\/louve.club\/","name":"Louve Club","description":"","publisher":{"@id":"https:\/\/louve.club\/#organization"},"potentialAction":[{"@type":"SearchAction","target":{"@type":"EntryPoint","urlTemplate":"https:\/\/louve.club\/?s={search_term_string}"},"query-input":{"@type":"PropertyValueSpecification","valueRequired":true,"valueName":"search_term_string"}}],"inLanguage":"sq"},{"@type":"Organization","@id":"https:\/\/louve.club\/#organization","name":"Louve Club","url":"https:\/\/louve.club\/","logo":{"@type":"ImageObject","inLanguage":"sq","@id":"https:\/\/louve.club\/#\/schema\/logo\/image\/","url":"https:\/\/louve.club\/wp-content\/uploads\/2024\/04\/louve-logo.png","contentUrl":"https:\/\/louve.club\/wp-content\/uploads\/2024\/04\/louve-logo.png","width":300,"height":115,"caption":"Louve Club"},"image":{"@id":"https:\/\/louve.club\/#\/schema\/logo\/image\/"},"sameAs":["https:\/\/www.facebook.com\/profile.php?id=100086070951841","https:\/\/www.instagram.com\/louve.club\/","https:\/\/www.tiktok.com\/@louve.club"]}]}},"_links":{"self":[{"href":"https:\/\/louve.club\/sq\/wp-json\/wp\/v2\/product\/3803"}],"collection":[{"href":"https:\/\/louve.club\/sq\/wp-json\/wp\/v2\/product"}],"about":[{"href":"https:\/\/louve.club\/sq\/wp-json\/wp\/v2\/types\/product"}],"wp:featuredmedia":[{"embeddable":true,"href":"https:\/\/louve.club\/sq\/wp-json\/wp\/v2\/media\/9200"}],"wp:attachment":[{"href":"https:\/\/louve.club\/sq\/wp-json\/wp\/v2\/media?parent=3803"}],"wp:term":[{"taxonomy":"product_cat","embeddable":true,"href":"https:\/\/louve.club\/sq\/wp-json\/wp\/v2\/product_cat?post=3803"},{"taxonomy":"product_tag","embeddable":true,"href":"https:\/\/louve.club\/sq\/wp-json\/wp\/v2\/product_tag?post=3803"}],"curies":[{"name":"wp","href":"https:\/\/api.w.org\/{rel}","templated":true}]}}