{"id":3809,"date":"2024-04-04T12:16:52","date_gmt":"2024-04-04T12:16:52","guid":{"rendered":"https:\/\/demowebtesting.net\/?post_type=product&#038;p=3809"},"modified":"2026-01-23T16:00:50","modified_gmt":"2026-01-23T16:00:50","slug":"lychee-louve-body-mist-louve-club","status":"publish","type":"product","link":"https:\/\/louve.club\/sq\/produkt\/lychee-louve-body-mist-louve-club\/","title":{"rendered":"Lychee Louve Body Mist"},"content":{"rendered":"<p class=\"translation-block\">Kombinimi yn\u00eb i krijuar me kujdes bashkon nuancat e shijshme t\u00eb litchit t\u00eb pjekur, freskin\u00eb e dardh\u00ebs s\u00eb fresk\u00ebt dhe \u00ebmb\u00eblsin\u00eb delikate t\u00eb lul\u00ebzimit t\u00eb peshk\u00ebs, duke krijuar nj\u00eb arom\u00eb q\u00eb \u00ebsht\u00eb magjeps\u00ebse dhe e pakund\u00ebrshtueshme.<br>\nShijoni ndjesit\u00eb tuaja nd\u00ebrsa ky mjalt\u00eb luksoz p\u00ebrk\u00ebdhel l\u00ebkur\u00ebn tuaj, duke l\u00ebn\u00eb pas nj\u00eb gjurm\u00eb t\u00ebrheq\u00ebse t\u00eb arom\u00ebs q\u00eb t\u00ebrheq ata q\u00eb jan\u00eb rreth jush. N\u00ebse jeni duke hyr\u00eb n\u00eb nj\u00eb qytet t\u00eb zhurmsh\u00ebm ose p\u00ebrqafoni qet\u00ebsin\u00eb e natyr\u00ebs, lejoni q\u00eb Lychee Louve t\u00eb ju shoq\u00ebroj\u00eb n\u00eb udh\u00ebtimin tuaj, duke e mbushur \u00e7do moment me eleganc\u00eb dhe shp\u00ebrthim.<br>\nRritni ritualin tuaj t\u00eb p\u00ebrditsh\u00ebm dhe transformoni t\u00eb zakonshmen n\u00eb t\u00eb jasht\u00ebzakonshme me Lychee Louve Body Mist. Pranoni luksin e arom\u00ebs s\u00eb saj nd\u00ebrsa b\u00ebhet nj\u00eb pjes\u00eb integrale e regjimit tuaj t\u00eb bukuris\u00eb, duke ju mb\u00ebshtjell\u00eb n\u00eb nj\u00eb vel t\u00ebrheq\u00ebs t\u00eb p\u00ebrjetsh\u00ebm.<br>\nMadh\u00ebsia: 100 ml<\/p>","protected":false},"excerpt":{"rendered":"<p>Zhytu n\u00eb bot\u00ebn e luksit me Body Mist Spray nga Louve. \u00c7do sp\u00ebrkatje e k\u00ebtij produkti ka n\u00eb p\u00ebrb\u00ebrje nj\u00eb simfoni t\u00eb sofistikimit dhe joshjes, duke kombinuar fuqin\u00eb antioksiduese t\u00eb ekstraktit t\u00eb frutit Lychee, me p\u00ebrfitimet hidratuese t\u00eb glicerolit dhe arom\u00ebn e q\u00ebndrueshme t\u00eb Polisorbate 20. Freskoje dhe shk\u00eblqeje l\u00ebkur\u00ebn me Body Mist-in ton\u00eb, dhe zhytu n\u00eb arom\u00ebn e jasht\u00ebzakonshme q\u00eb l\u00eb n\u00eb l\u00ebkur\u00ebn tuaj.<\/p>","protected":false},"featured_media":9201,"template":"","meta":{"_acf_changed":false},"product_cat":[121,101],"product_tag":[],"class_list":{"0":"post-3809","1":"product","2":"type-product","3":"status-publish","4":"has-post-thumbnail","6":"product_cat-best-sellers","7":"product_cat-bodycare-louve-club","9":"first","10":"outofstock","11":"purchasable","12":"product-type-simple"},"acf":[],"gallery_images":[3812],"yoast_head":"<!-- This site is optimized with the Yoast SEO Premium plugin v23.6 (Yoast SEO v24.6) - https:\/\/yoast.com\/wordpress\/plugins\/seo\/ -->\n<title>Lychee Louve Body Mist | Refresh and Revitalize Your Skin<\/title>\n<meta name=\"description\" content=\"Experience the refreshing scent of Lychee Louve Body Mist by Louve Club. Perfect for a revitalizing and nourishing body care routine.\" \/>\n<meta name=\"robots\" content=\"index, follow, max-snippet:-1, max-image-preview:large, max-video-preview:-1\" \/>\n<link rel=\"canonical\" href=\"https:\/\/louve.club\/sq\/produkt\/lychee-louve-body-mist-louve-club\/\" \/>\n<meta property=\"og:locale\" content=\"sq_AL\" \/>\n<meta property=\"og:type\" content=\"article\" \/>\n<meta property=\"og:title\" content=\"Lychee Louve Body Mist | Refresh Your Skin\" \/>\n<meta property=\"og:description\" content=\"Experience the refreshing scent of Lychee Louve Body Mist by Louve Club. Perfect for a revitalizing and nourishing body care routine.\" \/>\n<meta property=\"og:url\" content=\"https:\/\/louve.club\/sq\/produkt\/lychee-louve-body-mist-louve-club\/\" \/>\n<meta property=\"og:site_name\" content=\"Louve Club\" \/>\n<meta property=\"article:publisher\" content=\"https:\/\/www.facebook.com\/profile.php?id=100086070951841\" \/>\n<meta property=\"article:modified_time\" content=\"2026-01-23T16:00:50+00:00\" \/>\n<meta property=\"og:image\" content=\"https:\/\/louve.club\/wp-content\/uploads\/2024\/04\/newp88.png\" \/>\n\t<meta property=\"og:image:width\" content=\"600\" \/>\n\t<meta property=\"og:image:height\" content=\"600\" \/>\n\t<meta property=\"og:image:type\" content=\"image\/png\" \/>\n<meta name=\"twitter:card\" content=\"summary_large_image\" \/>\n<meta name=\"twitter:title\" content=\"Lychee Louve Body Mist\" \/>\n<meta name=\"twitter:label1\" content=\"Est. reading time\" \/>\n\t<meta name=\"twitter:data1\" content=\"1 minut\u00eb\" \/>\n<script type=\"application\/ld+json\" class=\"yoast-schema-graph\">{\"@context\":\"https:\/\/schema.org\",\"@graph\":[{\"@type\":\"WebPage\",\"@id\":\"https:\/\/louve.club\/product\/lychee-louve-body-mist-louve-club\/\",\"url\":\"https:\/\/louve.club\/product\/lychee-louve-body-mist-louve-club\/\",\"name\":\"Lychee Louve Body Mist | Refresh and Revitalize Your Skin\",\"isPartOf\":{\"@id\":\"https:\/\/louve.club\/#website\"},\"primaryImageOfPage\":{\"@id\":\"https:\/\/louve.club\/product\/lychee-louve-body-mist-louve-club\/#primaryimage\"},\"image\":{\"@id\":\"https:\/\/louve.club\/product\/lychee-louve-body-mist-louve-club\/#primaryimage\"},\"thumbnailUrl\":\"https:\/\/louve.club\/wp-content\/uploads\/2024\/04\/newp88.png\",\"datePublished\":\"2024-04-04T12:16:52+00:00\",\"dateModified\":\"2026-01-23T16:00:50+00:00\",\"description\":\"Experience the refreshing scent of Lychee Louve Body Mist by Louve Club. Perfect for a revitalizing and nourishing body care routine.\",\"breadcrumb\":{\"@id\":\"https:\/\/louve.club\/product\/lychee-louve-body-mist-louve-club\/#breadcrumb\"},\"inLanguage\":\"sq\",\"potentialAction\":[{\"@type\":\"ReadAction\",\"target\":[\"https:\/\/louve.club\/product\/lychee-louve-body-mist-louve-club\/\"]}]},{\"@type\":\"ImageObject\",\"inLanguage\":\"sq\",\"@id\":\"https:\/\/louve.club\/product\/lychee-louve-body-mist-louve-club\/#primaryimage\",\"url\":\"https:\/\/louve.club\/wp-content\/uploads\/2024\/04\/newp88.png\",\"contentUrl\":\"https:\/\/louve.club\/wp-content\/uploads\/2024\/04\/newp88.png\",\"width\":600,\"height\":600},{\"@type\":\"BreadcrumbList\",\"@id\":\"https:\/\/louve.club\/product\/lychee-louve-body-mist-louve-club\/#breadcrumb\",\"itemListElement\":[{\"@type\":\"ListItem\",\"position\":1,\"name\":\"Home\",\"item\":\"https:\/\/louve.club\/sq\/?elementor_library=cta-section\"},{\"@type\":\"ListItem\",\"position\":2,\"name\":\"Shop\",\"item\":\"https:\/\/louve.club\/shop-louve-club\/\"},{\"@type\":\"ListItem\",\"position\":3,\"name\":\"Lychee Louve Body Mist\"}]},{\"@type\":\"WebSite\",\"@id\":\"https:\/\/louve.club\/#website\",\"url\":\"https:\/\/louve.club\/\",\"name\":\"Louve Club\",\"description\":\"\",\"publisher\":{\"@id\":\"https:\/\/louve.club\/#organization\"},\"potentialAction\":[{\"@type\":\"SearchAction\",\"target\":{\"@type\":\"EntryPoint\",\"urlTemplate\":\"https:\/\/louve.club\/?s={search_term_string}\"},\"query-input\":{\"@type\":\"PropertyValueSpecification\",\"valueRequired\":true,\"valueName\":\"search_term_string\"}}],\"inLanguage\":\"sq\"},{\"@type\":\"Organization\",\"@id\":\"https:\/\/louve.club\/#organization\",\"name\":\"Louve Club\",\"url\":\"https:\/\/louve.club\/\",\"logo\":{\"@type\":\"ImageObject\",\"inLanguage\":\"sq\",\"@id\":\"https:\/\/louve.club\/#\/schema\/logo\/image\/\",\"url\":\"https:\/\/louve.club\/wp-content\/uploads\/2024\/04\/louve-logo.png\",\"contentUrl\":\"https:\/\/louve.club\/wp-content\/uploads\/2024\/04\/louve-logo.png\",\"width\":300,\"height\":115,\"caption\":\"Louve Club\"},\"image\":{\"@id\":\"https:\/\/louve.club\/#\/schema\/logo\/image\/\"},\"sameAs\":[\"https:\/\/www.facebook.com\/profile.php?id=100086070951841\",\"https:\/\/www.instagram.com\/louve.club\/\",\"https:\/\/www.tiktok.com\/@louve.club\"]}]}<\/script>\n<!-- \/ Yoast SEO Premium plugin. -->","yoast_head_json":{"title":"Lychee Louve Body Mist | Refresh and Revitalize Your Skin","description":"Experience the refreshing scent of Lychee Louve Body Mist by Louve Club. Perfect for a revitalizing and nourishing body care routine.","robots":{"index":"index","follow":"follow","max-snippet":"max-snippet:-1","max-image-preview":"max-image-preview:large","max-video-preview":"max-video-preview:-1"},"canonical":"https:\/\/louve.club\/sq\/produkt\/lychee-louve-body-mist-louve-club\/","og_locale":"sq_AL","og_type":"article","og_title":"Lychee Louve Body Mist | Refresh Your Skin","og_description":"Experience the refreshing scent of Lychee Louve Body Mist by Louve Club. Perfect for a revitalizing and nourishing body care routine.","og_url":"https:\/\/louve.club\/sq\/produkt\/lychee-louve-body-mist-louve-club\/","og_site_name":"Louve Club","article_publisher":"https:\/\/www.facebook.com\/profile.php?id=100086070951841","article_modified_time":"2026-01-23T16:00:50+00:00","og_image":[{"width":600,"height":600,"url":"https:\/\/louve.club\/wp-content\/uploads\/2024\/04\/newp88.png","type":"image\/png"}],"twitter_card":"summary_large_image","twitter_title":"Lychee Louve Body Mist","twitter_misc":{"Est. reading time":"1 minut\u00eb"},"schema":{"@context":"https:\/\/schema.org","@graph":[{"@type":"WebPage","@id":"https:\/\/louve.club\/product\/lychee-louve-body-mist-louve-club\/","url":"https:\/\/louve.club\/product\/lychee-louve-body-mist-louve-club\/","name":"Lychee Louve Body Mist | Refresh and Revitalize Your Skin","isPartOf":{"@id":"https:\/\/louve.club\/#website"},"primaryImageOfPage":{"@id":"https:\/\/louve.club\/product\/lychee-louve-body-mist-louve-club\/#primaryimage"},"image":{"@id":"https:\/\/louve.club\/product\/lychee-louve-body-mist-louve-club\/#primaryimage"},"thumbnailUrl":"https:\/\/louve.club\/wp-content\/uploads\/2024\/04\/newp88.png","datePublished":"2024-04-04T12:16:52+00:00","dateModified":"2026-01-23T16:00:50+00:00","description":"Experience the refreshing scent of Lychee Louve Body Mist by Louve Club. Perfect for a revitalizing and nourishing body care routine.","breadcrumb":{"@id":"https:\/\/louve.club\/product\/lychee-louve-body-mist-louve-club\/#breadcrumb"},"inLanguage":"sq","potentialAction":[{"@type":"ReadAction","target":["https:\/\/louve.club\/product\/lychee-louve-body-mist-louve-club\/"]}]},{"@type":"ImageObject","inLanguage":"sq","@id":"https:\/\/louve.club\/product\/lychee-louve-body-mist-louve-club\/#primaryimage","url":"https:\/\/louve.club\/wp-content\/uploads\/2024\/04\/newp88.png","contentUrl":"https:\/\/louve.club\/wp-content\/uploads\/2024\/04\/newp88.png","width":600,"height":600},{"@type":"BreadcrumbList","@id":"https:\/\/louve.club\/product\/lychee-louve-body-mist-louve-club\/#breadcrumb","itemListElement":[{"@type":"ListItem","position":1,"name":"Home","item":"https:\/\/louve.club\/sq\/?elementor_library=cta-section"},{"@type":"ListItem","position":2,"name":"Shop","item":"https:\/\/louve.club\/shop-louve-club\/"},{"@type":"ListItem","position":3,"name":"Lychee Louve Body Mist"}]},{"@type":"WebSite","@id":"https:\/\/louve.club\/#website","url":"https:\/\/louve.club\/","name":"Louve Club","description":"","publisher":{"@id":"https:\/\/louve.club\/#organization"},"potentialAction":[{"@type":"SearchAction","target":{"@type":"EntryPoint","urlTemplate":"https:\/\/louve.club\/?s={search_term_string}"},"query-input":{"@type":"PropertyValueSpecification","valueRequired":true,"valueName":"search_term_string"}}],"inLanguage":"sq"},{"@type":"Organization","@id":"https:\/\/louve.club\/#organization","name":"Louve Club","url":"https:\/\/louve.club\/","logo":{"@type":"ImageObject","inLanguage":"sq","@id":"https:\/\/louve.club\/#\/schema\/logo\/image\/","url":"https:\/\/louve.club\/wp-content\/uploads\/2024\/04\/louve-logo.png","contentUrl":"https:\/\/louve.club\/wp-content\/uploads\/2024\/04\/louve-logo.png","width":300,"height":115,"caption":"Louve Club"},"image":{"@id":"https:\/\/louve.club\/#\/schema\/logo\/image\/"},"sameAs":["https:\/\/www.facebook.com\/profile.php?id=100086070951841","https:\/\/www.instagram.com\/louve.club\/","https:\/\/www.tiktok.com\/@louve.club"]}]}},"_links":{"self":[{"href":"https:\/\/louve.club\/sq\/wp-json\/wp\/v2\/product\/3809"}],"collection":[{"href":"https:\/\/louve.club\/sq\/wp-json\/wp\/v2\/product"}],"about":[{"href":"https:\/\/louve.club\/sq\/wp-json\/wp\/v2\/types\/product"}],"wp:featuredmedia":[{"embeddable":true,"href":"https:\/\/louve.club\/sq\/wp-json\/wp\/v2\/media\/9201"}],"wp:attachment":[{"href":"https:\/\/louve.club\/sq\/wp-json\/wp\/v2\/media?parent=3809"}],"wp:term":[{"taxonomy":"product_cat","embeddable":true,"href":"https:\/\/louve.club\/sq\/wp-json\/wp\/v2\/product_cat?post=3809"},{"taxonomy":"product_tag","embeddable":true,"href":"https:\/\/louve.club\/sq\/wp-json\/wp\/v2\/product_tag?post=3809"}],"curies":[{"name":"wp","href":"https:\/\/api.w.org\/{rel}","templated":true}]}}