{"id":3817,"date":"2024-04-06T12:37:33","date_gmt":"2024-04-06T12:37:33","guid":{"rendered":"https:\/\/demowebtesting.net\/?post_type=product&#038;p=3817"},"modified":"2026-01-23T16:00:23","modified_gmt":"2026-01-23T16:00:23","slug":"lychee-sunscreen-spf-30-louve-club","status":"publish","type":"product","link":"https:\/\/louve.club\/sq\/produkt\/lychee-sunscreen-spf-30-louve-club\/","title":{"rendered":"Lychee Sunscreen SPF 30"},"content":{"rendered":"<p>Formula jon\u00eb ofron mbrojtje efektive nga UVA\/UVB nd\u00ebrkoh\u00eb q\u00eb ka nj\u00eb efekt qet\u00ebsues dhe relaksues p\u00ebr l\u00ebkur\u00ebn tuaj. Ekstrakti i lichit n\u00eb formul\u00ebn ton\u00eb ka antioksidant\u00eb natyral\u00eb q\u00eb mbrojn\u00eb l\u00ebkur\u00ebn tuaj nga stresor\u00ebt ambientale dhe qet\u00ebsojn\u00eb \u00e7do irritim ose inflamacion t\u00eb shkaktuar nga ekspozimi ndaj diellit. Formula e leht\u00eb dhe hidratuese e mbrojt\u00ebsit ton\u00eb nga dielli siguron q\u00eb t\u00eb absorbohet leht\u00ebsisht nga l\u00ebkura juaj, pa l\u00ebn\u00eb mbetje t\u00eb yndyrshme ose ngjit\u00ebse. Ai funksionon si nj\u00eb hidratues, duke rikthyer transparenc\u00ebn dhe but\u00ebsin\u00eb natyrale t\u00eb l\u00ebkur\u00ebs tuaj, duke ju l\u00ebn\u00eb me nj\u00eb kompleksion freskues dhe t\u00eb rigjeneruar. Lychee Sunscreen SPF 30 \u00ebsht\u00eb perfekt p\u00ebr p\u00ebrdorim t\u00eb p\u00ebrditsh\u00ebm dhe mund t\u00eb vihet n\u00ebn make-up pa ndjer\u00eb pesh\u00eb t\u00eb r\u00ebnd\u00eb ose bllokuar poret. \u00cbsht\u00eb i lir\u00eb nga kimikatet e ashpra dhe \u00ebsht\u00eb i p\u00ebrshtatsh\u00ebm p\u00ebr t\u00eb gjitha llojet e l\u00ebkur\u00ebs, duke p\u00ebrfshir\u00eb l\u00ebkur\u00ebn e ndjeshme. B\u00ebni hapin e par\u00eb n\u00eb mbrojtjen e l\u00ebkur\u00ebs tuaj nga rrezet e d\u00ebmshme t\u00eb diellit me Lychee Sunscreen SPF 30.<br \/>\nMadh\u00ebsia: 40 ml<\/p>","protected":false},"excerpt":{"rendered":"<p>Mbroni l\u00ebkur\u00ebn tuaj nga rrezet e d\u00ebmshme UV me Kremin e Diellit SPF 30 nga Louve. I pasur me vlerat e larta antioksiduese t\u00eb ekstraktit t\u00eb frutit Lychee, ky krem mbrojt\u00ebs \u00ebsht\u00eb rezistent ndaj ujit dhe ofron nj\u00eb spekt\u00ebr t\u00eb gjer\u00eb mbrojtjeje kund\u00ebr rrezeve UVA dhe UVB. I p\u00ebrshtatsh\u00ebm p\u00ebr p\u00ebrdorim t\u00eb p\u00ebrditsh\u00ebm, ky produkt siguron q\u00eb l\u00ebkura juaj t\u00eb jet\u00eb e mbrojtur dhe e ndritshme, pavar\u00ebsisht motit.<\/p>","protected":false},"featured_media":9196,"template":"","meta":{"_acf_changed":false},"product_cat":[121,100],"product_tag":[],"class_list":{"0":"post-3817","1":"product","2":"type-product","3":"status-publish","4":"has-post-thumbnail","6":"product_cat-best-sellers","7":"product_cat-skincare-louve-club","9":"first","10":"outofstock","11":"purchasable","12":"product-type-simple"},"acf":[],"gallery_images":[3819],"yoast_head":"<!-- This site is optimized with the Yoast SEO Premium plugin v23.6 (Yoast SEO v24.6) - https:\/\/yoast.com\/wordpress\/plugins\/seo\/ -->\n<title>Lychee Sunscreen SPF 30 | Protect and Nourish Your Skin<\/title>\n<meta name=\"description\" content=\"Protect your skin with Lychee Sunscreen SPF 30 by Louve Club. Provides excellent sun protection and nourishment for your skin.\" \/>\n<meta name=\"robots\" content=\"index, follow, max-snippet:-1, max-image-preview:large, max-video-preview:-1\" \/>\n<link rel=\"canonical\" href=\"https:\/\/louve.club\/sq\/produkt\/lychee-sunscreen-spf-30-louve-club\/\" \/>\n<meta property=\"og:locale\" content=\"sq_AL\" \/>\n<meta property=\"og:type\" content=\"article\" \/>\n<meta property=\"og:title\" content=\"Lychee Sunscreen SPF 30 | Sun Protection\" \/>\n<meta property=\"og:description\" content=\"Protect your skin with Lychee Sunscreen SPF 30 by Louve Club. Provides excellent sun protection and nourishment for your skin.\" \/>\n<meta property=\"og:url\" content=\"https:\/\/louve.club\/sq\/produkt\/lychee-sunscreen-spf-30-louve-club\/\" \/>\n<meta property=\"og:site_name\" content=\"Louve Club\" \/>\n<meta property=\"article:publisher\" content=\"https:\/\/www.facebook.com\/profile.php?id=100086070951841\" \/>\n<meta property=\"article:modified_time\" content=\"2026-01-23T16:00:23+00:00\" \/>\n<meta property=\"og:image\" content=\"https:\/\/louve.club\/wp-content\/uploads\/2024\/04\/newp44.png\" \/>\n\t<meta property=\"og:image:width\" content=\"600\" \/>\n\t<meta property=\"og:image:height\" content=\"600\" \/>\n\t<meta property=\"og:image:type\" content=\"image\/png\" \/>\n<meta name=\"twitter:card\" content=\"summary_large_image\" \/>\n<meta name=\"twitter:title\" content=\"Lychee Sunscreen SPF 30\" \/>\n<meta name=\"twitter:label1\" content=\"Est. reading time\" \/>\n\t<meta name=\"twitter:data1\" content=\"1 minut\u00eb\" \/>\n<script type=\"application\/ld+json\" class=\"yoast-schema-graph\">{\"@context\":\"https:\/\/schema.org\",\"@graph\":[{\"@type\":\"WebPage\",\"@id\":\"https:\/\/louve.club\/product\/lychee-sunscreen-spf-30-louve-club\/\",\"url\":\"https:\/\/louve.club\/product\/lychee-sunscreen-spf-30-louve-club\/\",\"name\":\"Lychee Sunscreen SPF 30 | Protect and Nourish Your Skin\",\"isPartOf\":{\"@id\":\"https:\/\/louve.club\/#website\"},\"primaryImageOfPage\":{\"@id\":\"https:\/\/louve.club\/product\/lychee-sunscreen-spf-30-louve-club\/#primaryimage\"},\"image\":{\"@id\":\"https:\/\/louve.club\/product\/lychee-sunscreen-spf-30-louve-club\/#primaryimage\"},\"thumbnailUrl\":\"https:\/\/louve.club\/wp-content\/uploads\/2024\/04\/newp44.png\",\"datePublished\":\"2024-04-06T12:37:33+00:00\",\"dateModified\":\"2026-01-23T16:00:23+00:00\",\"description\":\"Protect your skin with Lychee Sunscreen SPF 30 by Louve Club. Provides excellent sun protection and nourishment for your skin.\",\"breadcrumb\":{\"@id\":\"https:\/\/louve.club\/product\/lychee-sunscreen-spf-30-louve-club\/#breadcrumb\"},\"inLanguage\":\"sq\",\"potentialAction\":[{\"@type\":\"ReadAction\",\"target\":[\"https:\/\/louve.club\/product\/lychee-sunscreen-spf-30-louve-club\/\"]}]},{\"@type\":\"ImageObject\",\"inLanguage\":\"sq\",\"@id\":\"https:\/\/louve.club\/product\/lychee-sunscreen-spf-30-louve-club\/#primaryimage\",\"url\":\"https:\/\/louve.club\/wp-content\/uploads\/2024\/04\/newp44.png\",\"contentUrl\":\"https:\/\/louve.club\/wp-content\/uploads\/2024\/04\/newp44.png\",\"width\":600,\"height\":600},{\"@type\":\"BreadcrumbList\",\"@id\":\"https:\/\/louve.club\/product\/lychee-sunscreen-spf-30-louve-club\/#breadcrumb\",\"itemListElement\":[{\"@type\":\"ListItem\",\"position\":1,\"name\":\"Home\",\"item\":\"https:\/\/louve.club\/sq\/?elementor_library=cta-section\"},{\"@type\":\"ListItem\",\"position\":2,\"name\":\"Shop\",\"item\":\"https:\/\/louve.club\/shop-louve-club\/\"},{\"@type\":\"ListItem\",\"position\":3,\"name\":\"Lychee Sunscreen SPF 30\"}]},{\"@type\":\"WebSite\",\"@id\":\"https:\/\/louve.club\/#website\",\"url\":\"https:\/\/louve.club\/\",\"name\":\"Louve Club\",\"description\":\"\",\"publisher\":{\"@id\":\"https:\/\/louve.club\/#organization\"},\"potentialAction\":[{\"@type\":\"SearchAction\",\"target\":{\"@type\":\"EntryPoint\",\"urlTemplate\":\"https:\/\/louve.club\/?s={search_term_string}\"},\"query-input\":{\"@type\":\"PropertyValueSpecification\",\"valueRequired\":true,\"valueName\":\"search_term_string\"}}],\"inLanguage\":\"sq\"},{\"@type\":\"Organization\",\"@id\":\"https:\/\/louve.club\/#organization\",\"name\":\"Louve Club\",\"url\":\"https:\/\/louve.club\/\",\"logo\":{\"@type\":\"ImageObject\",\"inLanguage\":\"sq\",\"@id\":\"https:\/\/louve.club\/#\/schema\/logo\/image\/\",\"url\":\"https:\/\/louve.club\/wp-content\/uploads\/2024\/04\/louve-logo.png\",\"contentUrl\":\"https:\/\/louve.club\/wp-content\/uploads\/2024\/04\/louve-logo.png\",\"width\":300,\"height\":115,\"caption\":\"Louve Club\"},\"image\":{\"@id\":\"https:\/\/louve.club\/#\/schema\/logo\/image\/\"},\"sameAs\":[\"https:\/\/www.facebook.com\/profile.php?id=100086070951841\",\"https:\/\/www.instagram.com\/louve.club\/\",\"https:\/\/www.tiktok.com\/@louve.club\"]}]}<\/script>\n<!-- \/ Yoast SEO Premium plugin. -->","yoast_head_json":{"title":"Lychee Sunscreen SPF 30 | Protect and Nourish Your Skin","description":"Protect your skin with Lychee Sunscreen SPF 30 by Louve Club. Provides excellent sun protection and nourishment for your skin.","robots":{"index":"index","follow":"follow","max-snippet":"max-snippet:-1","max-image-preview":"max-image-preview:large","max-video-preview":"max-video-preview:-1"},"canonical":"https:\/\/louve.club\/sq\/produkt\/lychee-sunscreen-spf-30-louve-club\/","og_locale":"sq_AL","og_type":"article","og_title":"Lychee Sunscreen SPF 30 | Sun Protection","og_description":"Protect your skin with Lychee Sunscreen SPF 30 by Louve Club. Provides excellent sun protection and nourishment for your skin.","og_url":"https:\/\/louve.club\/sq\/produkt\/lychee-sunscreen-spf-30-louve-club\/","og_site_name":"Louve Club","article_publisher":"https:\/\/www.facebook.com\/profile.php?id=100086070951841","article_modified_time":"2026-01-23T16:00:23+00:00","og_image":[{"width":600,"height":600,"url":"https:\/\/louve.club\/wp-content\/uploads\/2024\/04\/newp44.png","type":"image\/png"}],"twitter_card":"summary_large_image","twitter_title":"Lychee Sunscreen SPF 30","twitter_misc":{"Est. reading time":"1 minut\u00eb"},"schema":{"@context":"https:\/\/schema.org","@graph":[{"@type":"WebPage","@id":"https:\/\/louve.club\/product\/lychee-sunscreen-spf-30-louve-club\/","url":"https:\/\/louve.club\/product\/lychee-sunscreen-spf-30-louve-club\/","name":"Lychee Sunscreen SPF 30 | Protect and Nourish Your Skin","isPartOf":{"@id":"https:\/\/louve.club\/#website"},"primaryImageOfPage":{"@id":"https:\/\/louve.club\/product\/lychee-sunscreen-spf-30-louve-club\/#primaryimage"},"image":{"@id":"https:\/\/louve.club\/product\/lychee-sunscreen-spf-30-louve-club\/#primaryimage"},"thumbnailUrl":"https:\/\/louve.club\/wp-content\/uploads\/2024\/04\/newp44.png","datePublished":"2024-04-06T12:37:33+00:00","dateModified":"2026-01-23T16:00:23+00:00","description":"Protect your skin with Lychee Sunscreen SPF 30 by Louve Club. Provides excellent sun protection and nourishment for your skin.","breadcrumb":{"@id":"https:\/\/louve.club\/product\/lychee-sunscreen-spf-30-louve-club\/#breadcrumb"},"inLanguage":"sq","potentialAction":[{"@type":"ReadAction","target":["https:\/\/louve.club\/product\/lychee-sunscreen-spf-30-louve-club\/"]}]},{"@type":"ImageObject","inLanguage":"sq","@id":"https:\/\/louve.club\/product\/lychee-sunscreen-spf-30-louve-club\/#primaryimage","url":"https:\/\/louve.club\/wp-content\/uploads\/2024\/04\/newp44.png","contentUrl":"https:\/\/louve.club\/wp-content\/uploads\/2024\/04\/newp44.png","width":600,"height":600},{"@type":"BreadcrumbList","@id":"https:\/\/louve.club\/product\/lychee-sunscreen-spf-30-louve-club\/#breadcrumb","itemListElement":[{"@type":"ListItem","position":1,"name":"Home","item":"https:\/\/louve.club\/sq\/?elementor_library=cta-section"},{"@type":"ListItem","position":2,"name":"Shop","item":"https:\/\/louve.club\/shop-louve-club\/"},{"@type":"ListItem","position":3,"name":"Lychee Sunscreen SPF 30"}]},{"@type":"WebSite","@id":"https:\/\/louve.club\/#website","url":"https:\/\/louve.club\/","name":"Louve Club","description":"","publisher":{"@id":"https:\/\/louve.club\/#organization"},"potentialAction":[{"@type":"SearchAction","target":{"@type":"EntryPoint","urlTemplate":"https:\/\/louve.club\/?s={search_term_string}"},"query-input":{"@type":"PropertyValueSpecification","valueRequired":true,"valueName":"search_term_string"}}],"inLanguage":"sq"},{"@type":"Organization","@id":"https:\/\/louve.club\/#organization","name":"Louve Club","url":"https:\/\/louve.club\/","logo":{"@type":"ImageObject","inLanguage":"sq","@id":"https:\/\/louve.club\/#\/schema\/logo\/image\/","url":"https:\/\/louve.club\/wp-content\/uploads\/2024\/04\/louve-logo.png","contentUrl":"https:\/\/louve.club\/wp-content\/uploads\/2024\/04\/louve-logo.png","width":300,"height":115,"caption":"Louve Club"},"image":{"@id":"https:\/\/louve.club\/#\/schema\/logo\/image\/"},"sameAs":["https:\/\/www.facebook.com\/profile.php?id=100086070951841","https:\/\/www.instagram.com\/louve.club\/","https:\/\/www.tiktok.com\/@louve.club"]}]}},"_links":{"self":[{"href":"https:\/\/louve.club\/sq\/wp-json\/wp\/v2\/product\/3817"}],"collection":[{"href":"https:\/\/louve.club\/sq\/wp-json\/wp\/v2\/product"}],"about":[{"href":"https:\/\/louve.club\/sq\/wp-json\/wp\/v2\/types\/product"}],"wp:featuredmedia":[{"embeddable":true,"href":"https:\/\/louve.club\/sq\/wp-json\/wp\/v2\/media\/9196"}],"wp:attachment":[{"href":"https:\/\/louve.club\/sq\/wp-json\/wp\/v2\/media?parent=3817"}],"wp:term":[{"taxonomy":"product_cat","embeddable":true,"href":"https:\/\/louve.club\/sq\/wp-json\/wp\/v2\/product_cat?post=3817"},{"taxonomy":"product_tag","embeddable":true,"href":"https:\/\/louve.club\/sq\/wp-json\/wp\/v2\/product_tag?post=3817"}],"curies":[{"name":"wp","href":"https:\/\/api.w.org\/{rel}","templated":true}]}}