{"id":4881,"date":"2024-04-09T16:46:44","date_gmt":"2024-04-09T16:46:44","guid":{"rendered":"https:\/\/louve.club\/?post_type=product&#038;p=4881"},"modified":"2026-01-23T15:59:43","modified_gmt":"2026-01-23T15:59:43","slug":"lychee-glow-hydrating-body-lotion","status":"publish","type":"product","link":"https:\/\/louve.club\/sq\/produkt\/lychee-glow-hydrating-body-lotion\/","title":{"rendered":"Lychee Glow Hydrating Body Lotion"},"content":{"rendered":"<p>Hidratojeni trupin me p\u00ebrb\u00ebrjen luksoze t\u00eb Lychee Glow Hydrating Body Lotion. E pasuruar me ekstraktin e Lychee, vitamin\u00eb E dhe vitamin\u00eb B5, Body Lotion-i yn\u00eb hidraton dhe rigjeneron thell\u00ebsisht l\u00ebkur\u00ebn tuaj, duke e l\u00ebn\u00eb t\u00eb but\u00eb si l\u00ebkur\u00eb bebi, elastike dhe t\u00eb ndritshme. Me nj\u00eb shk\u00eblqim t\u00eb leht\u00eb, ajo i dhuron l\u00ebkur\u00ebs suaj nj\u00eb nur si asnj\u00ebher\u00eb m\u00eb par\u00eb, gjithashtu edhe parandalon shfaqjen e strijave. E p\u00ebrshtatshme p\u00ebr t\u00eb gjitha llojet e l\u00ebkur\u00ebs, ky produkt \u00ebsht\u00eb perfekt p\u00ebr p\u00ebrdorim t\u00eb p\u00ebrditsh\u00ebm, duke ofruar hidratim afatgjat\u00eb me nj\u00eb shk\u00eblqim t\u00eb ndritsh\u00ebm q\u00eb zgjat.<br \/>\nMadh\u00ebsia: 200 ml<\/p>","protected":false},"excerpt":{"rendered":"<p>P\u00ebrk\u00ebdheleni l\u00ebkur\u00ebn tuaj me hidratim maksimal me Lychee Glow Hydrating Body Lotion. E pasuruar me ekstraktin e frutit Lychee, vaj orizi, vitamin\u00eb B5 dhe vitamin\u00eb E, ky produkt luksoz ushqen dhe rigjeneron l\u00ebkur\u00ebn tuaj n\u00eb thell\u00ebsi. Ai parandalon shfaqjen e strijave, i jep trupit tuaj nj\u00eb shk\u00eblqim t\u00eb ndritsh\u00ebm dhe \u00ebsht\u00eb perfekt p\u00ebr p\u00ebrdorim edhe pasi jeni depiluar.<\/p>","protected":false},"featured_media":9202,"template":"","meta":{"_acf_changed":false},"product_cat":[121,101],"product_tag":[],"class_list":{"0":"post-4881","1":"product","2":"type-product","3":"status-publish","4":"has-post-thumbnail","6":"product_cat-best-sellers","7":"product_cat-bodycare-louve-club","9":"first","10":"outofstock","11":"shipping-taxable","12":"purchasable","13":"product-type-simple"},"acf":[],"gallery_images":[4878,4879],"yoast_head":"<!-- This site is optimized with the Yoast SEO Premium plugin v23.6 (Yoast SEO v24.6) - https:\/\/yoast.com\/wordpress\/plugins\/seo\/ -->\n<title>Lychee Glow Hydrating Body Lotion - Louve Club<\/title>\n<meta name=\"robots\" content=\"index, follow, max-snippet:-1, max-image-preview:large, max-video-preview:-1\" \/>\n<link rel=\"canonical\" href=\"https:\/\/louve.club\/sq\/produkt\/lychee-glow-hydrating-body-lotion\/\" \/>\n<meta property=\"og:locale\" content=\"sq_AL\" \/>\n<meta property=\"og:type\" content=\"article\" \/>\n<meta property=\"og:title\" content=\"Lychee Glow Hydrating Body Lotion\" \/>\n<meta property=\"og:description\" content=\"Indulge in ultimate hydration with Lychee Glow Hydrating Body Lotion. Enriched with lychee extract, rice oil, vitamin B5, and vitamin E, this luxurious lotion deeply nourishes and regenerates your skin. It prevents stretch marks, adds a radiant glow, and is perfect for use after waxing.\" \/>\n<meta property=\"og:url\" content=\"https:\/\/louve.club\/sq\/produkt\/lychee-glow-hydrating-body-lotion\/\" \/>\n<meta property=\"og:site_name\" content=\"Louve Club\" \/>\n<meta property=\"article:publisher\" content=\"https:\/\/www.facebook.com\/profile.php?id=100086070951841\" \/>\n<meta property=\"article:modified_time\" content=\"2026-01-23T15:59:43+00:00\" \/>\n<meta property=\"og:image\" content=\"https:\/\/louve.club\/wp-content\/uploads\/2024\/04\/newp99.png\" \/>\n\t<meta property=\"og:image:width\" content=\"600\" \/>\n\t<meta property=\"og:image:height\" content=\"600\" \/>\n\t<meta property=\"og:image:type\" content=\"image\/png\" \/>\n<meta name=\"twitter:card\" content=\"summary_large_image\" \/>\n<meta name=\"twitter:label1\" content=\"Est. reading time\" \/>\n\t<meta name=\"twitter:data1\" content=\"1 minut\u00eb\" \/>\n<script type=\"application\/ld+json\" class=\"yoast-schema-graph\">{\"@context\":\"https:\/\/schema.org\",\"@graph\":[{\"@type\":\"WebPage\",\"@id\":\"https:\/\/louve.club\/product\/lychee-glow-hydrating-body-lotion\/\",\"url\":\"https:\/\/louve.club\/product\/lychee-glow-hydrating-body-lotion\/\",\"name\":\"Lychee Glow Hydrating Body Lotion - Louve Club\",\"isPartOf\":{\"@id\":\"https:\/\/louve.club\/#website\"},\"primaryImageOfPage\":{\"@id\":\"https:\/\/louve.club\/product\/lychee-glow-hydrating-body-lotion\/#primaryimage\"},\"image\":{\"@id\":\"https:\/\/louve.club\/product\/lychee-glow-hydrating-body-lotion\/#primaryimage\"},\"thumbnailUrl\":\"https:\/\/louve.club\/wp-content\/uploads\/2024\/04\/newp99.png\",\"datePublished\":\"2024-04-09T16:46:44+00:00\",\"dateModified\":\"2026-01-23T15:59:43+00:00\",\"breadcrumb\":{\"@id\":\"https:\/\/louve.club\/product\/lychee-glow-hydrating-body-lotion\/#breadcrumb\"},\"inLanguage\":\"sq\",\"potentialAction\":[{\"@type\":\"ReadAction\",\"target\":[\"https:\/\/louve.club\/product\/lychee-glow-hydrating-body-lotion\/\"]}]},{\"@type\":\"ImageObject\",\"inLanguage\":\"sq\",\"@id\":\"https:\/\/louve.club\/product\/lychee-glow-hydrating-body-lotion\/#primaryimage\",\"url\":\"https:\/\/louve.club\/wp-content\/uploads\/2024\/04\/newp99.png\",\"contentUrl\":\"https:\/\/louve.club\/wp-content\/uploads\/2024\/04\/newp99.png\",\"width\":600,\"height\":600},{\"@type\":\"BreadcrumbList\",\"@id\":\"https:\/\/louve.club\/product\/lychee-glow-hydrating-body-lotion\/#breadcrumb\",\"itemListElement\":[{\"@type\":\"ListItem\",\"position\":1,\"name\":\"Home\",\"item\":\"https:\/\/louve.club\/sq\/?elementor_library=cta-section\"},{\"@type\":\"ListItem\",\"position\":2,\"name\":\"Shop\",\"item\":\"https:\/\/louve.club\/shop-louve-club\/\"},{\"@type\":\"ListItem\",\"position\":3,\"name\":\"Lychee Glow Hydrating Body Lotion\"}]},{\"@type\":\"WebSite\",\"@id\":\"https:\/\/louve.club\/#website\",\"url\":\"https:\/\/louve.club\/\",\"name\":\"Louve Club\",\"description\":\"\",\"publisher\":{\"@id\":\"https:\/\/louve.club\/#organization\"},\"potentialAction\":[{\"@type\":\"SearchAction\",\"target\":{\"@type\":\"EntryPoint\",\"urlTemplate\":\"https:\/\/louve.club\/?s={search_term_string}\"},\"query-input\":{\"@type\":\"PropertyValueSpecification\",\"valueRequired\":true,\"valueName\":\"search_term_string\"}}],\"inLanguage\":\"sq\"},{\"@type\":\"Organization\",\"@id\":\"https:\/\/louve.club\/#organization\",\"name\":\"Louve Club\",\"url\":\"https:\/\/louve.club\/\",\"logo\":{\"@type\":\"ImageObject\",\"inLanguage\":\"sq\",\"@id\":\"https:\/\/louve.club\/#\/schema\/logo\/image\/\",\"url\":\"https:\/\/louve.club\/wp-content\/uploads\/2024\/04\/louve-logo.png\",\"contentUrl\":\"https:\/\/louve.club\/wp-content\/uploads\/2024\/04\/louve-logo.png\",\"width\":300,\"height\":115,\"caption\":\"Louve Club\"},\"image\":{\"@id\":\"https:\/\/louve.club\/#\/schema\/logo\/image\/\"},\"sameAs\":[\"https:\/\/www.facebook.com\/profile.php?id=100086070951841\",\"https:\/\/www.instagram.com\/louve.club\/\",\"https:\/\/www.tiktok.com\/@louve.club\"]}]}<\/script>\n<!-- \/ Yoast SEO Premium plugin. -->","yoast_head_json":{"title":"Lychee Glow Hydrating Body Lotion - Louve Club","robots":{"index":"index","follow":"follow","max-snippet":"max-snippet:-1","max-image-preview":"max-image-preview:large","max-video-preview":"max-video-preview:-1"},"canonical":"https:\/\/louve.club\/sq\/produkt\/lychee-glow-hydrating-body-lotion\/","og_locale":"sq_AL","og_type":"article","og_title":"Lychee Glow Hydrating Body Lotion","og_description":"Indulge in ultimate hydration with Lychee Glow Hydrating Body Lotion. Enriched with lychee extract, rice oil, vitamin B5, and vitamin E, this luxurious lotion deeply nourishes and regenerates your skin. It prevents stretch marks, adds a radiant glow, and is perfect for use after waxing.","og_url":"https:\/\/louve.club\/sq\/produkt\/lychee-glow-hydrating-body-lotion\/","og_site_name":"Louve Club","article_publisher":"https:\/\/www.facebook.com\/profile.php?id=100086070951841","article_modified_time":"2026-01-23T15:59:43+00:00","og_image":[{"width":600,"height":600,"url":"https:\/\/louve.club\/wp-content\/uploads\/2024\/04\/newp99.png","type":"image\/png"}],"twitter_card":"summary_large_image","twitter_misc":{"Est. reading time":"1 minut\u00eb"},"schema":{"@context":"https:\/\/schema.org","@graph":[{"@type":"WebPage","@id":"https:\/\/louve.club\/product\/lychee-glow-hydrating-body-lotion\/","url":"https:\/\/louve.club\/product\/lychee-glow-hydrating-body-lotion\/","name":"Lychee Glow Hydrating Body Lotion - Louve Club","isPartOf":{"@id":"https:\/\/louve.club\/#website"},"primaryImageOfPage":{"@id":"https:\/\/louve.club\/product\/lychee-glow-hydrating-body-lotion\/#primaryimage"},"image":{"@id":"https:\/\/louve.club\/product\/lychee-glow-hydrating-body-lotion\/#primaryimage"},"thumbnailUrl":"https:\/\/louve.club\/wp-content\/uploads\/2024\/04\/newp99.png","datePublished":"2024-04-09T16:46:44+00:00","dateModified":"2026-01-23T15:59:43+00:00","breadcrumb":{"@id":"https:\/\/louve.club\/product\/lychee-glow-hydrating-body-lotion\/#breadcrumb"},"inLanguage":"sq","potentialAction":[{"@type":"ReadAction","target":["https:\/\/louve.club\/product\/lychee-glow-hydrating-body-lotion\/"]}]},{"@type":"ImageObject","inLanguage":"sq","@id":"https:\/\/louve.club\/product\/lychee-glow-hydrating-body-lotion\/#primaryimage","url":"https:\/\/louve.club\/wp-content\/uploads\/2024\/04\/newp99.png","contentUrl":"https:\/\/louve.club\/wp-content\/uploads\/2024\/04\/newp99.png","width":600,"height":600},{"@type":"BreadcrumbList","@id":"https:\/\/louve.club\/product\/lychee-glow-hydrating-body-lotion\/#breadcrumb","itemListElement":[{"@type":"ListItem","position":1,"name":"Home","item":"https:\/\/louve.club\/sq\/?elementor_library=cta-section"},{"@type":"ListItem","position":2,"name":"Shop","item":"https:\/\/louve.club\/shop-louve-club\/"},{"@type":"ListItem","position":3,"name":"Lychee Glow Hydrating Body Lotion"}]},{"@type":"WebSite","@id":"https:\/\/louve.club\/#website","url":"https:\/\/louve.club\/","name":"Louve Club","description":"","publisher":{"@id":"https:\/\/louve.club\/#organization"},"potentialAction":[{"@type":"SearchAction","target":{"@type":"EntryPoint","urlTemplate":"https:\/\/louve.club\/?s={search_term_string}"},"query-input":{"@type":"PropertyValueSpecification","valueRequired":true,"valueName":"search_term_string"}}],"inLanguage":"sq"},{"@type":"Organization","@id":"https:\/\/louve.club\/#organization","name":"Louve Club","url":"https:\/\/louve.club\/","logo":{"@type":"ImageObject","inLanguage":"sq","@id":"https:\/\/louve.club\/#\/schema\/logo\/image\/","url":"https:\/\/louve.club\/wp-content\/uploads\/2024\/04\/louve-logo.png","contentUrl":"https:\/\/louve.club\/wp-content\/uploads\/2024\/04\/louve-logo.png","width":300,"height":115,"caption":"Louve Club"},"image":{"@id":"https:\/\/louve.club\/#\/schema\/logo\/image\/"},"sameAs":["https:\/\/www.facebook.com\/profile.php?id=100086070951841","https:\/\/www.instagram.com\/louve.club\/","https:\/\/www.tiktok.com\/@louve.club"]}]}},"_links":{"self":[{"href":"https:\/\/louve.club\/sq\/wp-json\/wp\/v2\/product\/4881"}],"collection":[{"href":"https:\/\/louve.club\/sq\/wp-json\/wp\/v2\/product"}],"about":[{"href":"https:\/\/louve.club\/sq\/wp-json\/wp\/v2\/types\/product"}],"wp:featuredmedia":[{"embeddable":true,"href":"https:\/\/louve.club\/sq\/wp-json\/wp\/v2\/media\/9202"}],"wp:attachment":[{"href":"https:\/\/louve.club\/sq\/wp-json\/wp\/v2\/media?parent=4881"}],"wp:term":[{"taxonomy":"product_cat","embeddable":true,"href":"https:\/\/louve.club\/sq\/wp-json\/wp\/v2\/product_cat?post=4881"},{"taxonomy":"product_tag","embeddable":true,"href":"https:\/\/louve.club\/sq\/wp-json\/wp\/v2\/product_tag?post=4881"}],"curies":[{"name":"wp","href":"https:\/\/api.w.org\/{rel}","templated":true}]}}